

{"id":17240,"date":"2025-01-31T13:46:04","date_gmt":"2025-01-31T12:46:04","guid":{"rendered":"https:\/\/neu.luwianstudies.org\/luwiansitemap\/"},"modified":"2025-03-17T23:43:21","modified_gmt":"2025-03-17T22:43:21","slug":"luwiansitemap","status":"publish","type":"page","link":"https:\/\/luwianstudies.org\/de\/siteatlas\/luwiansitemap\/","title":{"rendered":"LuwianSiteMap"},"content":{"rendered":"\t\t<div data-elementor-type=\"wp-page\" data-elementor-id=\"17240\" class=\"elementor elementor-17240 elementor-10885\" data-elementor-post-type=\"page\">\n\t\t\t\t<div class=\"elementor-element elementor-element-afe4bb6 e-flex e-con-boxed e-con e-parent\" data-id=\"afe4bb6\" data-element_type=\"container\" data-e-type=\"container\" data-settings=\"{&quot;jet_parallax_layout_list&quot;:[]}\">\n\t\t\t\t\t<div class=\"e-con-inner\">\n\t\t\t\t<div class=\"elementor-element elementor-element-be4fb31 elementor-widget elementor-widget-heading\" data-id=\"be4fb31\" data-element_type=\"widget\" data-e-type=\"widget\" data-widget_type=\"heading.default\">\n\t\t\t\t<div class=\"elementor-widget-container\">\n\t\t\t\t\t<h1 class=\"elementor-heading-title elementor-size-default\">LuwianSiteMap<\/h1>\t\t\t\t<\/div>\n\t\t\t\t<\/div>\n\t\t\t\t<div class=\"elementor-element elementor-element-9635be8 elementor-widget elementor-widget-heading\" data-id=\"9635be8\" data-element_type=\"widget\" data-e-type=\"widget\" data-widget_type=\"heading.default\">\n\t\t\t\t<div class=\"elementor-widget-container\">\n\t\t\t\t\t<h2 class=\"elementor-heading-title elementor-size-default\">Visualisierung von Siedlungsmustern in ganz Westkleinasien<\/h2>\t\t\t\t<\/div>\n\t\t\t\t<\/div>\n\t\t\t\t\t<\/div>\n\t\t\t\t<\/div>\n\t\t<div class=\"elementor-element elementor-element-747a26b e-flex e-con-boxed e-con e-parent\" data-id=\"747a26b\" data-element_type=\"container\" data-e-type=\"container\" data-settings=\"{&quot;jet_parallax_layout_list&quot;:[]}\">\n\t\t\t\t\t<div class=\"e-con-inner\">\n\t\t\t\t<div class=\"elementor-element elementor-element-28dac44 elementor-widget elementor-widget-text-editor\" data-id=\"28dac44\" data-element_type=\"widget\" data-e-type=\"widget\" data-widget_type=\"text-editor.default\">\n\t\t\t\t<div class=\"elementor-widget-container\">\n\t\t\t\t\t\t\t\t\t<p>Die interaktive Karte zeigt die Lage von insgesamt 483 mittel- und sp\u00e4tbronzezeitlichen (2000\u20131200 v. Chr.) Siedlungspl\u00e4tzen mit einem Durchmesser von mehr als 100 Metern im westlichen Teil der Republik T\u00fcrkiye, die von Luwian Studies bis M\u00e4rz 2025 katalogisiert wurden.<\/p>\t\t\t\t\t\t\t\t<\/div>\n\t\t\t\t<\/div>\n\t\t\t\t\t<\/div>\n\t\t\t\t<\/div>\n\t\t<div class=\"elementor-element elementor-element-e6994eb e-flex e-con-boxed e-con e-parent\" data-id=\"e6994eb\" data-element_type=\"container\" data-e-type=\"container\" data-settings=\"{&quot;jet_parallax_layout_list&quot;:[]}\">\n\t\t\t\t\t<div class=\"e-con-inner\">\n\t\t\t\t<div class=\"elementor-element elementor-element-71ddac9 elementor-widget elementor-widget-html\" data-id=\"71ddac9\" data-element_type=\"widget\" data-e-type=\"widget\" data-widget_type=\"html.default\">\n\t\t\t\t<div class=\"elementor-widget-container\">\n\t\t\t\t\t<iframe src=\"https:\/\/luwianstudies.org\/wp-content\/uploads\/leaflet\/sites-map.html\" style=\"width: 1400px; height: 600px; border: none; display: block; margin: auto;\" allowfullscreen=\"\">\n<\/iframe>\n\t\t\t\t<\/div>\n\t\t\t\t<\/div>\n\t\t\t\t\t<\/div>\n\t\t\t\t<\/div>\n\t\t\t\t<\/div>\n\t\t","protected":false},"excerpt":{"rendered":"<p>LuwianSiteMap Visualisierung von Siedlungsmustern in ganz Westkleinasien Die interaktive Karte zeigt die Lage von insgesamt 483 mittel- und sp\u00e4tbronzezeitlichen (2000\u20131200 v. Chr.) Siedlungspl\u00e4tzen mit einem Durchmesser von mehr als 100 Metern im westlichen Teil der Republik T\u00fcrkiye, die von Luwian Studies bis M\u00e4rz 2025 katalogisiert wurden.<\/p>\n","protected":false},"author":7,"featured_media":0,"parent":21858,"menu_order":0,"comment_status":"closed","ping_status":"closed","template":"","meta":{"iawp_total_views":114,"footnotes":""},"class_list":["post-17240","page","type-page","status-publish","hentry"],"_links":{"self":[{"href":"https:\/\/luwianstudies.org\/de\/wp-json\/wp\/v2\/pages\/17240","targetHints":{"allow":["GET"]}}],"collection":[{"href":"https:\/\/luwianstudies.org\/de\/wp-json\/wp\/v2\/pages"}],"about":[{"href":"https:\/\/luwianstudies.org\/de\/wp-json\/wp\/v2\/types\/page"}],"author":[{"embeddable":true,"href":"https:\/\/luwianstudies.org\/de\/wp-json\/wp\/v2\/users\/7"}],"replies":[{"embeddable":true,"href":"https:\/\/luwianstudies.org\/de\/wp-json\/wp\/v2\/comments?post=17240"}],"version-history":[{"count":11,"href":"https:\/\/luwianstudies.org\/de\/wp-json\/wp\/v2\/pages\/17240\/revisions"}],"predecessor-version":[{"id":23597,"href":"https:\/\/luwianstudies.org\/de\/wp-json\/wp\/v2\/pages\/17240\/revisions\/23597"}],"up":[{"embeddable":true,"href":"https:\/\/luwianstudies.org\/de\/wp-json\/wp\/v2\/pages\/21858"}],"wp:attachment":[{"href":"https:\/\/luwianstudies.org\/de\/wp-json\/wp\/v2\/media?parent=17240"}],"curies":[{"name":"wp","href":"https:\/\/api.w.org\/{rel}","templated":true}]}}