

{"id":17430,"date":"2025-01-26T21:42:30","date_gmt":"2025-01-26T20:42:30","guid":{"rendered":"https:\/\/neu.luwianstudies.org\/logo\/"},"modified":"2025-03-16T17:12:40","modified_gmt":"2025-03-16T16:12:40","slug":"logo","status":"publish","type":"page","link":"https:\/\/luwianstudies.org\/de\/ueber-uns\/logo\/","title":{"rendered":"Logo"},"content":{"rendered":"\t\t<div data-elementor-type=\"wp-page\" data-elementor-id=\"17430\" class=\"elementor elementor-17430 elementor-9354\" data-elementor-post-type=\"page\">\n\t\t\t\t<div class=\"elementor-element elementor-element-a7508ed e-flex e-con-boxed e-con e-parent\" data-id=\"a7508ed\" data-element_type=\"container\" data-e-type=\"container\" data-settings=\"{&quot;jet_parallax_layout_list&quot;:[]}\">\n\t\t\t\t\t<div class=\"e-con-inner\">\n\t\t\t\t<div class=\"elementor-element elementor-element-26cc78c elementor-widget elementor-widget-heading\" data-id=\"26cc78c\" data-element_type=\"widget\" data-e-type=\"widget\" data-widget_type=\"heading.default\">\n\t\t\t\t<div class=\"elementor-widget-container\">\n\t\t\t\t\t<h1 class=\"elementor-heading-title elementor-size-default\">Das Logo von Luwian Studies<\/h1>\t\t\t\t<\/div>\n\t\t\t\t<\/div>\n\t\t\t\t<div class=\"elementor-element elementor-element-4ca1831 elementor-widget elementor-widget-heading\" data-id=\"4ca1831\" data-element_type=\"widget\" data-e-type=\"widget\" data-widget_type=\"heading.default\">\n\t\t\t\t<div class=\"elementor-widget-container\">\n\t\t\t\t\t<h2 class=\"elementor-heading-title elementor-size-default\">Vom \u00e4ltesten Zeichen zu neuen Entdeckungen<\/h2>\t\t\t\t<\/div>\n\t\t\t\t<\/div>\n\t\t\t\t\t<\/div>\n\t\t\t\t<\/div>\n\t\t<div class=\"elementor-element elementor-element-57c58cc e-flex e-con-boxed e-con e-parent\" data-id=\"57c58cc\" data-element_type=\"container\" data-e-type=\"container\" data-settings=\"{&quot;jet_parallax_layout_list&quot;:[]}\">\n\t\t\t\t\t<div class=\"e-con-inner\">\n\t\t\t\t<div class=\"elementor-element elementor-element-3565d1b elementor-widget elementor-widget-text-editor\" data-id=\"3565d1b\" data-element_type=\"widget\" data-e-type=\"widget\" data-widget_type=\"text-editor.default\">\n\t\t\t\t<div class=\"elementor-widget-container\">\n\t\t\t\t\t\t\t\t\tDas Logo von Luwian Studies ist von pr\u00e4historischen Becher- und Ringmarkierungen inspiriert, die \u00fcber Jahrtausende verwendet wurden und somit eine Verbindung zur Vergangenheit herstellen.\t\t\t\t\t\t\t\t<\/div>\n\t\t\t\t<\/div>\n\t\t\t\t\t<\/div>\n\t\t\t\t<\/div>\n\t\t<div class=\"elementor-element elementor-element-2df728c e-flex e-con-boxed e-con e-parent\" data-id=\"2df728c\" data-element_type=\"container\" data-e-type=\"container\" data-settings=\"{&quot;jet_parallax_layout_list&quot;:[]}\">\n\t\t\t\t\t<div class=\"e-con-inner\">\n\t\t\t\t<div class=\"elementor-element elementor-element-32e4239 elementor-widget elementor-widget-jet-timeline\" data-id=\"32e4239\" data-element_type=\"widget\" data-e-type=\"widget\" data-widget_type=\"jet-timeline.default\">\n\t\t\t\t<div class=\"elementor-widget-container\">\n\t\t\t\t\t<div class=\"elementor-jet-timeline jet-elements\"><div class=\"jet-timeline jet-timeline--align-center jet-timeline--align-top\">\n\t<div class=\"jet-timeline__line\"><div class=\"jet-timeline__line-progress\"><\/div><\/div>\n\t<div class=\"jet-timeline-list\"><div class=\"jet-timeline-item jet-timeline-item--animated elementor-repeater-item-2859ff5 jet-timeline-item--image-outside_before\">\n\t<div class=\"timeline-item__card\">\n\t\t<div class=\"timeline-item__card-inner\">\n\t\t\t\t<div class=\"timeline-item__card-img\"><img fetchpriority=\"high\" decoding=\"async\" width=\"2560\" height=\"1708\" src=\"https:\/\/luwianstudies.org\/wp-content\/uploads\/Carschenna_L1002817_comp-scaled.jpg\" class=\"attachment-full size-full wp-image-9358\" alt=\"\" srcset=\"https:\/\/luwianstudies.org\/wp-content\/uploads\/Carschenna_L1002817_comp-scaled.jpg 2560w, https:\/\/luwianstudies.org\/wp-content\/uploads\/Carschenna_L1002817_comp-768x513.jpg 768w, https:\/\/luwianstudies.org\/wp-content\/uploads\/Carschenna_L1002817_comp-1536x1025.jpg 1536w, https:\/\/luwianstudies.org\/wp-content\/uploads\/Carschenna_L1002817_comp-2048x1367.jpg 2048w\" sizes=\"(max-width: 2560px) 100vw, 2560px\" \/><\/div>\t\t\t\t<div class=\"timeline-item__card-content\">\n\t\t\t\t\t<div class=\"timeline-item__meta\"><div class=\"timeline-item__meta-content\">Sogenannte Becher-und-Ring-Markierungen in Carschenna bei Thusis in der Schweiz (\u00a9 Luwian Studies #6341)<\/div><\/div><div class=\"timeline-item__card-desc\">Das Logo der Stiftung Luwian Studies zeigt eine stilisierte Form der sogenannten Becher-und-Ring-Felsschnitzereien \u2013 und ist eines der \u00e4ltesten Symbole der Menschheit. Diese abstrakten pr\u00e4historischen Petroglyphen sind weit verbreitet und haben sich von Sardinien \u00fcber die Iberische Halbinsel bis nach Schottland erhalten. In der Schweiz finden sich \u00e4hnliche Zeichen in Carschenna bei Thusis im Kanton Graub\u00fcnden. Die Form erinnert an konzentrische Strukturen wie die von G\u00f6bekli Tepe oder Stonehenge. Das Logo verk\u00f6rpert unsere \u00dcberzeugung, dass Symbole Kulturen \u00fcber weite geografische Gebiete hinweg verbinden k\u00f6nnen und dass ihre Bedeutung trotz ihrer Langlebigkeit unserem heutigen Wissen oft verborgen bleibt \u2013 ein spannendes Feld f\u00fcr weitere Forschungen.    <\/div>\t\t\t\t<\/div>\n\t\t\t\t\t\t<\/div>\n\t\t<div class=\"timeline-item__card-arrow\"><\/div>\n\t<\/div>\n\t<div class=\"timeline-item__point\"><div class=\"timeline-item__point-content timeline-item__point-content--icon\"><span class=\"jet-elements-icon\"><svg aria-hidden=\"true\" class=\"e-font-icon-svg e-fas-calendar-alt\" viewBox=\"0 0 448 512\" xmlns=\"http:\/\/www.w3.org\/2000\/svg\"><path d=\"M0 464c0 26.5 21.5 48 48 48h352c26.5 0 48-21.5 48-48V192H0v272zm320-196c0-6.6 5.4-12 12-12h40c6.6 0 12 5.4 12 12v40c0 6.6-5.4 12-12 12h-40c-6.6 0-12-5.4-12-12v-40zm0 128c0-6.6 5.4-12 12-12h40c6.6 0 12 5.4 12 12v40c0 6.6-5.4 12-12 12h-40c-6.6 0-12-5.4-12-12v-40zM192 268c0-6.6 5.4-12 12-12h40c6.6 0 12 5.4 12 12v40c0 6.6-5.4 12-12 12h-40c-6.6 0-12-5.4-12-12v-40zm0 128c0-6.6 5.4-12 12-12h40c6.6 0 12 5.4 12 12v40c0 6.6-5.4 12-12 12h-40c-6.6 0-12-5.4-12-12v-40zM64 268c0-6.6 5.4-12 12-12h40c6.6 0 12 5.4 12 12v40c0 6.6-5.4 12-12 12H76c-6.6 0-12-5.4-12-12v-40zm0 128c0-6.6 5.4-12 12-12h40c6.6 0 12 5.4 12 12v40c0 6.6-5.4 12-12 12H76c-6.6 0-12-5.4-12-12v-40zM400 64h-48V16c0-8.8-7.2-16-16-16h-32c-8.8 0-16 7.2-16 16v48H160V16c0-8.8-7.2-16-16-16h-32c-8.8 0-16 7.2-16 16v48H48C21.5 64 0 85.5 0 112v48h448v-48c0-26.5-21.5-48-48-48z\"><\/path><\/svg><\/span><\/div><\/div><div class=\"timeline-item__meta\"><div class=\"timeline-item__card-img\"><img fetchpriority=\"high\" decoding=\"async\" width=\"2560\" height=\"1708\" src=\"https:\/\/luwianstudies.org\/wp-content\/uploads\/Carschenna_L1002817_comp-scaled.jpg\" class=\"attachment-full size-full wp-image-9358\" alt=\"\" srcset=\"https:\/\/luwianstudies.org\/wp-content\/uploads\/Carschenna_L1002817_comp-scaled.jpg 2560w, https:\/\/luwianstudies.org\/wp-content\/uploads\/Carschenna_L1002817_comp-768x513.jpg 768w, https:\/\/luwianstudies.org\/wp-content\/uploads\/Carschenna_L1002817_comp-1536x1025.jpg 1536w, https:\/\/luwianstudies.org\/wp-content\/uploads\/Carschenna_L1002817_comp-2048x1367.jpg 2048w\" sizes=\"(max-width: 2560px) 100vw, 2560px\" \/><\/div><div class=\"timeline-item__meta-content\">Sogenannte Becher-und-Ring-Markierungen in Carschenna bei Thusis in der Schweiz (\u00a9 Luwian Studies #6341)<\/div><\/div><\/div><div class=\"jet-timeline-item jet-timeline-item--animated elementor-repeater-item-33d04de jet-timeline-item--image-outside_before\">\n\t<div class=\"timeline-item__card\">\n\t\t<div class=\"timeline-item__card-inner\">\n\t\t\t\t<div class=\"timeline-item__card-img\"><img decoding=\"async\" width=\"1299\" height=\"690\" src=\"https:\/\/luwianstudies.org\/wp-content\/uploads\/6118_Complexity-of-Labyrinths.jpg\" class=\"attachment-full size-full wp-image-16425\" alt=\"Different levels of complexity of labyrinths\" srcset=\"https:\/\/luwianstudies.org\/wp-content\/uploads\/6118_Complexity-of-Labyrinths.jpg 1299w, https:\/\/luwianstudies.org\/wp-content\/uploads\/6118_Complexity-of-Labyrinths-768x408.jpg 768w\" sizes=\"(max-width: 1299px) 100vw, 1299px\" \/><\/div>\t\t\t\t<div class=\"timeline-item__card-content\">\n\t\t\t\t\t<div class=\"timeline-item__meta\"><div class=\"timeline-item__meta-content\">Verschiedene Komplexit\u00e4tsstufen von Labyrinthen (\u00a9 Luwian Studies #6118)<\/div><\/div><div class=\"timeline-item__card-desc\">Die Inspiration f\u00fcr das Logo stammt aus einer Grafik in Eberhard Zanggers Buch <em>Die Zukunft der Vergangenheit<\/em> (1998). Dort beginnt jeder der vier Hauptabschnitte mit einem immer komplexeren Labyrinth, wobei das Becher-und-Ring-Symbol die einfachste und \u00e4lteste Form darstellt. Die Idee, dieses Symbol als Logo zu verwenden, stammt von Gion Mathias Cavelty.   <\/div>\t\t\t\t<\/div>\n\t\t\t\t\t\t<\/div>\n\t\t<div class=\"timeline-item__card-arrow\"><\/div>\n\t<\/div>\n\t<div class=\"timeline-item__point\"><div class=\"timeline-item__point-content timeline-item__point-content--icon\"><span class=\"jet-elements-icon\"><svg aria-hidden=\"true\" class=\"e-font-icon-svg e-fas-calendar-alt\" viewBox=\"0 0 448 512\" xmlns=\"http:\/\/www.w3.org\/2000\/svg\"><path d=\"M0 464c0 26.5 21.5 48 48 48h352c26.5 0 48-21.5 48-48V192H0v272zm320-196c0-6.6 5.4-12 12-12h40c6.6 0 12 5.4 12 12v40c0 6.6-5.4 12-12 12h-40c-6.6 0-12-5.4-12-12v-40zm0 128c0-6.6 5.4-12 12-12h40c6.6 0 12 5.4 12 12v40c0 6.6-5.4 12-12 12h-40c-6.6 0-12-5.4-12-12v-40zM192 268c0-6.6 5.4-12 12-12h40c6.6 0 12 5.4 12 12v40c0 6.6-5.4 12-12 12h-40c-6.6 0-12-5.4-12-12v-40zm0 128c0-6.6 5.4-12 12-12h40c6.6 0 12 5.4 12 12v40c0 6.6-5.4 12-12 12h-40c-6.6 0-12-5.4-12-12v-40zM64 268c0-6.6 5.4-12 12-12h40c6.6 0 12 5.4 12 12v40c0 6.6-5.4 12-12 12H76c-6.6 0-12-5.4-12-12v-40zm0 128c0-6.6 5.4-12 12-12h40c6.6 0 12 5.4 12 12v40c0 6.6-5.4 12-12 12H76c-6.6 0-12-5.4-12-12v-40zM400 64h-48V16c0-8.8-7.2-16-16-16h-32c-8.8 0-16 7.2-16 16v48H160V16c0-8.8-7.2-16-16-16h-32c-8.8 0-16 7.2-16 16v48H48C21.5 64 0 85.5 0 112v48h448v-48c0-26.5-21.5-48-48-48z\"><\/path><\/svg><\/span><\/div><\/div><div class=\"timeline-item__meta\"><div class=\"timeline-item__card-img\"><img decoding=\"async\" width=\"1299\" height=\"690\" src=\"https:\/\/luwianstudies.org\/wp-content\/uploads\/6118_Complexity-of-Labyrinths.jpg\" class=\"attachment-full size-full wp-image-16425\" alt=\"Different levels of complexity of labyrinths\" srcset=\"https:\/\/luwianstudies.org\/wp-content\/uploads\/6118_Complexity-of-Labyrinths.jpg 1299w, https:\/\/luwianstudies.org\/wp-content\/uploads\/6118_Complexity-of-Labyrinths-768x408.jpg 768w\" sizes=\"(max-width: 1299px) 100vw, 1299px\" \/><\/div><div class=\"timeline-item__meta-content\">Verschiedene Komplexit\u00e4tsstufen von Labyrinthen (\u00a9 Luwian Studies #6118)<\/div><\/div><\/div><div class=\"jet-timeline-item jet-timeline-item--animated elementor-repeater-item-fa18bdc jet-timeline-item--image-outside_after\">\n\t<div class=\"timeline-item__card\">\n\t\t<div class=\"timeline-item__card-inner\">\n\t\t\t\t<div class=\"timeline-item__card-img\"><img decoding=\"async\" src=\"https:\/\/luwianstudies.org\/wp-content\/uploads\/elementor\/thumbs\/Logo_Luwian-Studies_old-r1x6ko8w7bt7mkj449cpz2t46s2w1xupfeqdntmwp4.webp\" title=\"Logo_Luwian-Studies_old\" alt=\"Logo_Luwian-Studies_old\" loading=\"lazy\" \/><\/div>\t\t\t\t<div class=\"timeline-item__card-content\">\n\t\t\t\t\t<div class=\"timeline-item__meta\"><\/div><div class=\"timeline-item__card-desc\">Die urspr\u00fcngliche Illustration wurde von Oculus Illustrations erstellt und sp\u00e4ter von Bruno Raimondi \u00fcberarbeitet. <\/div>\t\t\t\t<\/div>\n\t\t\t\t\t\t<\/div>\n\t\t<div class=\"timeline-item__card-arrow\"><\/div>\n\t<\/div>\n\t<div class=\"timeline-item__point\"><div class=\"timeline-item__point-content timeline-item__point-content--icon\"><span class=\"jet-elements-icon\"><svg aria-hidden=\"true\" class=\"e-font-icon-svg e-fas-calendar-alt\" viewBox=\"0 0 448 512\" xmlns=\"http:\/\/www.w3.org\/2000\/svg\"><path d=\"M0 464c0 26.5 21.5 48 48 48h352c26.5 0 48-21.5 48-48V192H0v272zm320-196c0-6.6 5.4-12 12-12h40c6.6 0 12 5.4 12 12v40c0 6.6-5.4 12-12 12h-40c-6.6 0-12-5.4-12-12v-40zm0 128c0-6.6 5.4-12 12-12h40c6.6 0 12 5.4 12 12v40c0 6.6-5.4 12-12 12h-40c-6.6 0-12-5.4-12-12v-40zM192 268c0-6.6 5.4-12 12-12h40c6.6 0 12 5.4 12 12v40c0 6.6-5.4 12-12 12h-40c-6.6 0-12-5.4-12-12v-40zm0 128c0-6.6 5.4-12 12-12h40c6.6 0 12 5.4 12 12v40c0 6.6-5.4 12-12 12h-40c-6.6 0-12-5.4-12-12v-40zM64 268c0-6.6 5.4-12 12-12h40c6.6 0 12 5.4 12 12v40c0 6.6-5.4 12-12 12H76c-6.6 0-12-5.4-12-12v-40zm0 128c0-6.6 5.4-12 12-12h40c6.6 0 12 5.4 12 12v40c0 6.6-5.4 12-12 12H76c-6.6 0-12-5.4-12-12v-40zM400 64h-48V16c0-8.8-7.2-16-16-16h-32c-8.8 0-16 7.2-16 16v48H160V16c0-8.8-7.2-16-16-16h-32c-8.8 0-16 7.2-16 16v48H48C21.5 64 0 85.5 0 112v48h448v-48c0-26.5-21.5-48-48-48z\"><\/path><\/svg><\/span><\/div><\/div><div class=\"timeline-item__meta\"><div class=\"timeline-item__card-img\"><img decoding=\"async\" src=\"https:\/\/luwianstudies.org\/wp-content\/uploads\/elementor\/thumbs\/Logo_Luwian-Studies_old-r1x6ko8w7bt7mkj449cpz2t46s2w1xupfeqdntmwp4.webp\" title=\"Logo_Luwian-Studies_old\" alt=\"Logo_Luwian-Studies_old\" loading=\"lazy\" \/><\/div><\/div><\/div><div class=\"jet-timeline-item jet-timeline-item--animated elementor-repeater-item-41038f1 jet-timeline-item--image-outside_after\">\n\t<div class=\"timeline-item__card\">\n\t\t<div class=\"timeline-item__card-inner\">\n\t\t\t\t<div class=\"timeline-item__card-img\"><img decoding=\"async\" src=\"https:\/\/luwianstudies.org\/wp-content\/uploads\/elementor\/thumbs\/Logo_Luwian-Studies-r1x6e3dkd2sycu36jeyqiqkyhoie67qciuc0q3e4as.webp\" title=\"Logo_Luwian-Studies\" alt=\"Luwian Studies Logo\" loading=\"lazy\" \/><\/div>\t\t\t\t<div class=\"timeline-item__card-content\">\n\t\t\t\t\t<div class=\"timeline-item__meta\"><\/div><div class=\"timeline-item__card-desc\">Die aktuelle Version, die seit 2024 im Einsatz ist, wurde vom Atelier Guido K\u00f6hler entworfen.<\/div>\t\t\t\t<\/div>\n\t\t\t\t\t\t<\/div>\n\t\t<div class=\"timeline-item__card-arrow\"><\/div>\n\t<\/div>\n\t<div class=\"timeline-item__point\"><div class=\"timeline-item__point-content timeline-item__point-content--icon\"><span class=\"jet-elements-icon\"><svg aria-hidden=\"true\" class=\"e-font-icon-svg e-fas-calendar-alt\" viewBox=\"0 0 448 512\" xmlns=\"http:\/\/www.w3.org\/2000\/svg\"><path d=\"M0 464c0 26.5 21.5 48 48 48h352c26.5 0 48-21.5 48-48V192H0v272zm320-196c0-6.6 5.4-12 12-12h40c6.6 0 12 5.4 12 12v40c0 6.6-5.4 12-12 12h-40c-6.6 0-12-5.4-12-12v-40zm0 128c0-6.6 5.4-12 12-12h40c6.6 0 12 5.4 12 12v40c0 6.6-5.4 12-12 12h-40c-6.6 0-12-5.4-12-12v-40zM192 268c0-6.6 5.4-12 12-12h40c6.6 0 12 5.4 12 12v40c0 6.6-5.4 12-12 12h-40c-6.6 0-12-5.4-12-12v-40zm0 128c0-6.6 5.4-12 12-12h40c6.6 0 12 5.4 12 12v40c0 6.6-5.4 12-12 12h-40c-6.6 0-12-5.4-12-12v-40zM64 268c0-6.6 5.4-12 12-12h40c6.6 0 12 5.4 12 12v40c0 6.6-5.4 12-12 12H76c-6.6 0-12-5.4-12-12v-40zm0 128c0-6.6 5.4-12 12-12h40c6.6 0 12 5.4 12 12v40c0 6.6-5.4 12-12 12H76c-6.6 0-12-5.4-12-12v-40zM400 64h-48V16c0-8.8-7.2-16-16-16h-32c-8.8 0-16 7.2-16 16v48H160V16c0-8.8-7.2-16-16-16h-32c-8.8 0-16 7.2-16 16v48H48C21.5 64 0 85.5 0 112v48h448v-48c0-26.5-21.5-48-48-48z\"><\/path><\/svg><\/span><\/div><\/div><div class=\"timeline-item__meta\"><div class=\"timeline-item__card-img\"><img decoding=\"async\" src=\"https:\/\/luwianstudies.org\/wp-content\/uploads\/elementor\/thumbs\/Logo_Luwian-Studies-r1x6e3dkd2sycu36jeyqiqkyhoie67qciuc0q3e4as.webp\" title=\"Logo_Luwian-Studies\" alt=\"Luwian Studies Logo\" loading=\"lazy\" \/><\/div><\/div><\/div><\/div><\/div><\/div>\t\t\t\t<\/div>\n\t\t\t\t<\/div>\n\t\t\t\t\t<\/div>\n\t\t\t\t<\/div>\n\t\t\t\t<\/div>\n\t\t","protected":false},"excerpt":{"rendered":"<p>Das Logo von Luwian Studies Vom \u00e4ltesten Zeichen zu neuen Entdeckungen Das Logo von Luwian Studies ist von pr\u00e4historischen Becher- und Ringmarkierungen inspiriert, die \u00fcber Jahrtausende verwendet wurden und somit eine Verbindung zur Vergangenheit herstellen. Sogenannte Becher-und-Ring-Markierungen in Carschenna bei Thusis in der Schweiz (\u00a9 Luwian Studies #6341)Das Logo der Stiftung Luwian Studies zeigt eine [&hellip;]<\/p>\n","protected":false},"author":7,"featured_media":0,"parent":20450,"menu_order":0,"comment_status":"closed","ping_status":"closed","template":"","meta":{"iawp_total_views":88,"footnotes":""},"class_list":["post-17430","page","type-page","status-publish","hentry"],"_links":{"self":[{"href":"https:\/\/luwianstudies.org\/de\/wp-json\/wp\/v2\/pages\/17430","targetHints":{"allow":["GET"]}}],"collection":[{"href":"https:\/\/luwianstudies.org\/de\/wp-json\/wp\/v2\/pages"}],"about":[{"href":"https:\/\/luwianstudies.org\/de\/wp-json\/wp\/v2\/types\/page"}],"author":[{"embeddable":true,"href":"https:\/\/luwianstudies.org\/de\/wp-json\/wp\/v2\/users\/7"}],"replies":[{"embeddable":true,"href":"https:\/\/luwianstudies.org\/de\/wp-json\/wp\/v2\/comments?post=17430"}],"version-history":[{"count":32,"href":"https:\/\/luwianstudies.org\/de\/wp-json\/wp\/v2\/pages\/17430\/revisions"}],"predecessor-version":[{"id":23480,"href":"https:\/\/luwianstudies.org\/de\/wp-json\/wp\/v2\/pages\/17430\/revisions\/23480"}],"up":[{"embeddable":true,"href":"https:\/\/luwianstudies.org\/de\/wp-json\/wp\/v2\/pages\/20450"}],"wp:attachment":[{"href":"https:\/\/luwianstudies.org\/de\/wp-json\/wp\/v2\/media?parent=17430"}],"curies":[{"name":"wp","href":"https:\/\/api.w.org\/{rel}","templated":true}]}}