

{"id":17437,"date":"2024-12-23T14:55:48","date_gmt":"2024-12-23T13:55:48","guid":{"rendered":"https:\/\/neu.luwianstudies.org\/spenden\/"},"modified":"2025-03-16T17:12:40","modified_gmt":"2025-03-16T16:12:40","slug":"spenden","status":"publish","type":"page","link":"https:\/\/luwianstudies.org\/de\/ueber-uns\/spenden\/","title":{"rendered":"Spenden"},"content":{"rendered":"\t\t<div data-elementor-type=\"wp-page\" data-elementor-id=\"17437\" class=\"elementor elementor-17437 elementor-1334\" data-elementor-post-type=\"page\">\n\t\t\t\t<div class=\"elementor-element elementor-element-ecaf745 e-flex e-con-boxed e-con e-child\" data-id=\"ecaf745\" data-element_type=\"container\" data-e-type=\"container\" data-settings=\"{&quot;jet_parallax_layout_list&quot;:[]}\">\n\t\t\t\t\t<div class=\"e-con-inner\">\n\t\t\t\t<div class=\"elementor-element elementor-element-31a775f elementor-widget elementor-widget-heading\" data-id=\"31a775f\" data-element_type=\"widget\" data-e-type=\"widget\" data-widget_type=\"heading.default\">\n\t\t\t\t<div class=\"elementor-widget-container\">\n\t\t\t\t\t<h1 class=\"elementor-heading-title elementor-size-default\">Ihr Beitrag z\u00e4hlt<\/h1>\t\t\t\t<\/div>\n\t\t\t\t<\/div>\n\t\t\t\t<div class=\"elementor-element elementor-element-944ed89 elementor-widget elementor-widget-heading\" data-id=\"944ed89\" data-element_type=\"widget\" data-e-type=\"widget\" data-widget_type=\"heading.default\">\n\t\t\t\t<div class=\"elementor-widget-container\">\n\t\t\t\t\t<h2 class=\"elementor-heading-title elementor-size-default\">Ihre Hilfe ist der Schl\u00fcssel zu neuen Erkenntnissen<\/h2>\t\t\t\t<\/div>\n\t\t\t\t<\/div>\n\t\t\t\t\t<\/div>\n\t\t\t\t<\/div>\n\t\t<div class=\"elementor-element elementor-element-0566a74 e-flex e-con-boxed e-con e-parent\" data-id=\"0566a74\" data-element_type=\"container\" data-e-type=\"container\" data-settings=\"{&quot;jet_parallax_layout_list&quot;:[]}\">\n\t\t\t\t\t<div class=\"e-con-inner\">\n\t\t\t\t<div class=\"elementor-element elementor-element-2db1017 elementor-widget elementor-widget-text-editor\" data-id=\"2db1017\" data-element_type=\"widget\" data-e-type=\"widget\" data-widget_type=\"text-editor.default\">\n\t\t\t\t<div class=\"elementor-widget-container\">\n\t\t\t\t\t\t\t\t\t<p>Mit Ihrer Spende f\u00fcr die Luwian Studies erm\u00f6glichen Sie unabh\u00e4ngige, unvoreingenommene arch\u00e4ologische Forschungen und die Bewahrung eines alten Kulturerbes.<\/p>\t\t\t\t\t\t\t\t<\/div>\n\t\t\t\t<\/div>\n\t\t\t\t\t<\/div>\n\t\t\t\t<\/div>\n\t\t<div class=\"elementor-element elementor-element-5513011 e-flex e-con-boxed e-con e-child\" data-id=\"5513011\" data-element_type=\"container\" data-e-type=\"container\" data-settings=\"{&quot;jet_parallax_layout_list&quot;:[]}\">\n\t\t\t\t\t<div class=\"e-con-inner\">\n\t\t<div class=\"elementor-element elementor-element-3ed8964 e-con-full e-flex e-con e-child\" data-id=\"3ed8964\" data-element_type=\"container\" data-e-type=\"container\" data-settings=\"{&quot;jet_parallax_layout_list&quot;:[],&quot;background_background&quot;:&quot;slideshow&quot;,&quot;background_slideshow_gallery&quot;:[{&quot;id&quot;:13474,&quot;url&quot;:&quot;https:\\\/\\\/luwianstudies.org\\\/wp-content\\\/uploads\\\/Office_Luwian-Studies-Foundation_Web.jpg&quot;}],&quot;background_slideshow_loop&quot;:&quot;yes&quot;,&quot;background_slideshow_slide_duration&quot;:5000,&quot;background_slideshow_slide_transition&quot;:&quot;fade&quot;,&quot;background_slideshow_transition_duration&quot;:500}\">\n\t\t<div class=\"elementor-element elementor-element-86e871d e-con-full e-flex e-con e-child\" data-id=\"86e871d\" data-element_type=\"container\" data-e-type=\"container\" data-settings=\"{&quot;background_background&quot;:&quot;classic&quot;,&quot;jet_parallax_layout_list&quot;:[]}\">\n\t\t\t\t<div class=\"elementor-element elementor-element-4afc09e elementor-widget elementor-widget-text-editor\" data-id=\"4afc09e\" data-element_type=\"widget\" data-e-type=\"widget\" data-widget_type=\"text-editor.default\">\n\t\t\t\t<div class=\"elementor-widget-container\">\n\t\t\t\t\t\t\t\t\t<p><strong>Spendenkonto<\/strong><\/p><p><strong>IBAN:<\/strong> CH39 0070 0114 8068 2637 3<br><strong>BIC (Swift):<\/strong> ZKBKCHZZ80A<br>Z\u00fcrcher Kantonalbank, Postfach 715, 8010 Z\u00fcrich, Schweiz<br><strong>Endbeg\u00fcnstigter:<\/strong> Luwian Studies Foundation<\/p>\t\t\t\t\t\t\t\t<\/div>\n\t\t\t\t<\/div>\n\t\t\t\t<\/div>\n\t\t\t\t<\/div>\n\t\t<div class=\"elementor-element elementor-element-3fab37e e-con-full e-flex e-con e-child\" data-id=\"3fab37e\" data-element_type=\"container\" data-e-type=\"container\" data-settings=\"{&quot;jet_parallax_layout_list&quot;:[]}\">\n\t\t\t\t<div class=\"elementor-element elementor-element-4897907 elementor-widget elementor-widget-text-editor\" data-id=\"4897907\" data-element_type=\"widget\" data-e-type=\"widget\" data-widget_type=\"text-editor.default\">\n\t\t\t\t<div class=\"elementor-widget-container\">\n\t\t\t\t\t\t\t\t\t<p>Als unabh\u00e4ngige, private, gemeinn\u00fctzige Stiftung ist Luwian Studies auf finanzielle Unterst\u00fctzung angewiesen.<\/p><p>Die Forschungsergebnisse, die Luwian Studies auf ihrer Website, in wissenschaftlichen Publikationen und in B\u00fcchern f\u00fcr die breite \u00d6ffentlichkeit pr\u00e4sentiert, werden seit \u00fcber 25 Jahren fast ausschlie\u00dflich aus privaten Mitteln finanziert.<\/p><p>Luwian Studies ist keinen nationalen Interessen verpflichtet und steht in keiner Verbindung zu einer akademischen Einrichtung. Der einzige Zweck der Stiftung ist die F\u00f6rderung der Erforschung der Kulturen des zweiten Jahrtausends v. Chr. im westlichen Kleinasien. <\/p><p>Helfen Sie uns, diese Forschungsl\u00fccke zu schlie\u00dfen! Ihre Unterst\u00fctzung ist f\u00fcr den Fortbestand von Luwian Studies unerl\u00e4sslich. Wir wissen Ihren Beitrag sehr zu sch\u00e4tzen und setzen ihn zu 100 Prozent f\u00fcr den Stiftungszweck ein. Die Mitglieder des Stiftungsrates sind selbstverst\u00e4ndlich ehrenamtlich t\u00e4tig.   <\/p><p>Spenden an Luwian Studies sind in der Schweiz steuerlich absetzbar.<\/p>\t\t\t\t\t\t\t\t<\/div>\n\t\t\t\t<\/div>\n\t\t\t\t<\/div>\n\t\t\t\t\t<\/div>\n\t\t\t\t<\/div>\n\t\t\t\t<\/div>\n\t\t","protected":false},"excerpt":{"rendered":"<p>Ihr Beitrag z\u00e4hlt Ihre Hilfe ist der Schl\u00fcssel zu neuen Erkenntnissen Mit Ihrer Spende f\u00fcr die Luwian Studies erm\u00f6glichen Sie unabh\u00e4ngige, unvoreingenommene arch\u00e4ologische Forschungen und die Bewahrung eines alten Kulturerbes. Spendenkonto IBAN: CH39 0070 0114 8068 2637 3BIC (Swift): ZKBKCHZZ80AZ\u00fcrcher Kantonalbank, Postfach 715, 8010 Z\u00fcrich, SchweizEndbeg\u00fcnstigter: Luwian Studies Foundation Als unabh\u00e4ngige, private, gemeinn\u00fctzige Stiftung ist [&hellip;]<\/p>\n","protected":false},"author":7,"featured_media":0,"parent":20450,"menu_order":0,"comment_status":"closed","ping_status":"closed","template":"","meta":{"iawp_total_views":116,"footnotes":""},"class_list":["post-17437","page","type-page","status-publish","hentry"],"_links":{"self":[{"href":"https:\/\/luwianstudies.org\/de\/wp-json\/wp\/v2\/pages\/17437","targetHints":{"allow":["GET"]}}],"collection":[{"href":"https:\/\/luwianstudies.org\/de\/wp-json\/wp\/v2\/pages"}],"about":[{"href":"https:\/\/luwianstudies.org\/de\/wp-json\/wp\/v2\/types\/page"}],"author":[{"embeddable":true,"href":"https:\/\/luwianstudies.org\/de\/wp-json\/wp\/v2\/users\/7"}],"replies":[{"embeddable":true,"href":"https:\/\/luwianstudies.org\/de\/wp-json\/wp\/v2\/comments?post=17437"}],"version-history":[{"count":9,"href":"https:\/\/luwianstudies.org\/de\/wp-json\/wp\/v2\/pages\/17437\/revisions"}],"predecessor-version":[{"id":22717,"href":"https:\/\/luwianstudies.org\/de\/wp-json\/wp\/v2\/pages\/17437\/revisions\/22717"}],"up":[{"embeddable":true,"href":"https:\/\/luwianstudies.org\/de\/wp-json\/wp\/v2\/pages\/20450"}],"wp:attachment":[{"href":"https:\/\/luwianstudies.org\/de\/wp-json\/wp\/v2\/media?parent=17437"}],"curies":[{"name":"wp","href":"https:\/\/api.w.org\/{rel}","templated":true}]}}