

{"id":17441,"date":"2025-01-03T15:22:13","date_gmt":"2025-01-03T14:22:13","guid":{"rendered":"https:\/\/neu.luwianstudies.org\/nachrichtenarchiv\/"},"modified":"2025-03-16T17:12:40","modified_gmt":"2025-03-16T16:12:40","slug":"nachrichtenarchiv","status":"publish","type":"page","link":"https:\/\/luwianstudies.org\/de\/medien\/nachrichtenarchiv\/","title":{"rendered":"Nachrichtenarchiv"},"content":{"rendered":"\t\t<div data-elementor-type=\"wp-page\" data-elementor-id=\"17441\" class=\"elementor elementor-17441 elementor-1984\" data-elementor-post-type=\"page\">\n\t\t\t\t<div class=\"elementor-element elementor-element-9cbbdc8 e-flex e-con-boxed e-con e-parent\" data-id=\"9cbbdc8\" data-element_type=\"container\" data-e-type=\"container\" data-settings=\"{&quot;jet_parallax_layout_list&quot;:[]}\">\n\t\t\t\t\t<div class=\"e-con-inner\">\n\t\t\t\t<div class=\"elementor-element elementor-element-6d0375f elementor-widget elementor-widget-heading\" data-id=\"6d0375f\" data-element_type=\"widget\" data-e-type=\"widget\" data-widget_type=\"heading.default\">\n\t\t\t\t<div class=\"elementor-widget-container\">\n\t\t\t\t\t<h1 class=\"elementor-heading-title elementor-size-default\">Nachrichtenarchiv<\/h1>\t\t\t\t<\/div>\n\t\t\t\t<\/div>\n\t\t\t\t<div class=\"elementor-element elementor-element-d2df405 elementor-widget elementor-widget-heading\" data-id=\"d2df405\" data-element_type=\"widget\" data-e-type=\"widget\" data-widget_type=\"heading.default\">\n\t\t\t\t<div class=\"elementor-widget-container\">\n\t\t\t\t\t<h2 class=\"elementor-heading-title elementor-size-default\">Die wichtigsten Entwicklungen in unserer Forschung seit 2015<\/h2>\t\t\t\t<\/div>\n\t\t\t\t<\/div>\n\t\t\t\t\t<\/div>\n\t\t\t\t<\/div>\n\t\t<div class=\"elementor-element elementor-element-44e8813 e-flex e-con-boxed e-con e-parent\" data-id=\"44e8813\" data-element_type=\"container\" data-e-type=\"container\" data-settings=\"{&quot;jet_parallax_layout_list&quot;:[]}\">\n\t\t\t\t\t<div class=\"e-con-inner\">\n\t\t\t\t<div class=\"elementor-element elementor-element-e003c64 elementor-widget elementor-widget-text-editor\" data-id=\"e003c64\" data-element_type=\"widget\" data-e-type=\"widget\" data-widget_type=\"text-editor.default\">\n\t\t\t\t<div class=\"elementor-widget-container\">\n\t\t\t\t\t\t\t\t\t<p>Von neuen arch\u00e4ologischen Erkenntnissen bis hin zu umfangreichen Ver\u00f6ffentlichungen dokumentiert unser Nachrichtenarchiv die Geschichte der Stiftung Luwian Studies und ihre Beitr\u00e4ge zum Fachgebiet.<\/p>\t\t\t\t\t\t\t\t<\/div>\n\t\t\t\t<\/div>\n\t\t\t\t\t<\/div>\n\t\t\t\t<\/div>\n\t\t<div class=\"elementor-element elementor-element-62db346 e-flex e-con-boxed e-con e-parent\" data-id=\"62db346\" data-element_type=\"container\" data-e-type=\"container\" data-settings=\"{&quot;jet_parallax_layout_list&quot;:[]}\">\n\t\t\t\t\t<div class=\"e-con-inner\">\n\t\t<div class=\"elementor-element elementor-element-305f85e e-con-full e-flex e-con e-child\" data-id=\"305f85e\" data-element_type=\"container\" data-e-type=\"container\" data-settings=\"{&quot;jet_parallax_layout_list&quot;:[]}\">\n\t\t\t\t<\/div>\n\t\t\t\t\t<\/div>\n\t\t\t\t<\/div>\n\t\t\t\t<\/div>\n\t\t","protected":false},"excerpt":{"rendered":"<p>Nachrichtenarchiv Die wichtigsten Entwicklungen in unserer Forschung seit 2015 Von neuen arch\u00e4ologischen Erkenntnissen bis hin zu umfangreichen Ver\u00f6ffentlichungen dokumentiert unser Nachrichtenarchiv die Geschichte der Stiftung Luwian Studies und ihre Beitr\u00e4ge zum Fachgebiet.<\/p>\n","protected":false},"author":7,"featured_media":0,"parent":20458,"menu_order":0,"comment_status":"closed","ping_status":"closed","template":"","meta":{"iawp_total_views":242,"footnotes":""},"class_list":["post-17441","page","type-page","status-publish","hentry"],"_links":{"self":[{"href":"https:\/\/luwianstudies.org\/de\/wp-json\/wp\/v2\/pages\/17441","targetHints":{"allow":["GET"]}}],"collection":[{"href":"https:\/\/luwianstudies.org\/de\/wp-json\/wp\/v2\/pages"}],"about":[{"href":"https:\/\/luwianstudies.org\/de\/wp-json\/wp\/v2\/types\/page"}],"author":[{"embeddable":true,"href":"https:\/\/luwianstudies.org\/de\/wp-json\/wp\/v2\/users\/7"}],"replies":[{"embeddable":true,"href":"https:\/\/luwianstudies.org\/de\/wp-json\/wp\/v2\/comments?post=17441"}],"version-history":[{"count":8,"href":"https:\/\/luwianstudies.org\/de\/wp-json\/wp\/v2\/pages\/17441\/revisions"}],"predecessor-version":[{"id":23056,"href":"https:\/\/luwianstudies.org\/de\/wp-json\/wp\/v2\/pages\/17441\/revisions\/23056"}],"up":[{"embeddable":true,"href":"https:\/\/luwianstudies.org\/de\/wp-json\/wp\/v2\/pages\/20458"}],"wp:attachment":[{"href":"https:\/\/luwianstudies.org\/de\/wp-json\/wp\/v2\/media?parent=17441"}],"curies":[{"name":"wp","href":"https:\/\/api.w.org\/{rel}","templated":true}]}}