

{"id":17745,"date":"2024-12-23T14:56:08","date_gmt":"2024-12-23T13:56:08","guid":{"rendered":"https:\/\/neu.luwianstudies.org\/videos\/"},"modified":"2025-11-16T19:13:27","modified_gmt":"2025-11-16T18:13:27","slug":"videos","status":"publish","type":"page","link":"https:\/\/luwianstudies.org\/de\/medien\/videos\/","title":{"rendered":"Videos"},"content":{"rendered":"\t\t<div data-elementor-type=\"wp-page\" data-elementor-id=\"17745\" class=\"elementor elementor-17745 elementor-1340\" data-elementor-post-type=\"page\">\n\t\t\t\t<div class=\"elementor-element elementor-element-8b327be e-flex e-con-boxed e-con e-parent\" data-id=\"8b327be\" data-element_type=\"container\" data-e-type=\"container\" data-settings=\"{&quot;jet_parallax_layout_list&quot;:[]}\">\n\t\t\t\t\t<div class=\"e-con-inner\">\n\t\t\t\t<div class=\"elementor-element elementor-element-e73a257 elementor-widget elementor-widget-heading\" data-id=\"e73a257\" data-element_type=\"widget\" data-e-type=\"widget\" data-widget_type=\"heading.default\">\n\t\t\t\t<div class=\"elementor-widget-container\">\n\t\t\t\t\t<h1 class=\"elementor-heading-title elementor-size-default\">Videos<\/h1>\t\t\t\t<\/div>\n\t\t\t\t<\/div>\n\t\t\t\t<div class=\"elementor-element elementor-element-659615b elementor-widget elementor-widget-heading\" data-id=\"659615b\" data-element_type=\"widget\" data-e-type=\"widget\" data-widget_type=\"heading.default\">\n\t\t\t\t<div class=\"elementor-widget-container\">\n\t\t\t\t\t<h2 class=\"elementor-heading-title elementor-size-default\">Dokumentarfilme, Vortr\u00e4ge und Expertendiskussionen<\/h2>\t\t\t\t<\/div>\n\t\t\t\t<\/div>\n\t\t\t\t\t<\/div>\n\t\t\t\t<\/div>\n\t\t<div class=\"elementor-element elementor-element-6199cc2 e-flex e-con-boxed e-con e-parent\" data-id=\"6199cc2\" data-element_type=\"container\" data-e-type=\"container\" data-settings=\"{&quot;jet_parallax_layout_list&quot;:[]}\">\n\t\t\t\t\t<div class=\"e-con-inner\">\n\t\t\t\t<div class=\"elementor-element elementor-element-eff02fd elementor-widget elementor-widget-text-editor\" data-id=\"eff02fd\" data-element_type=\"widget\" data-e-type=\"widget\" data-widget_type=\"text-editor.default\">\n\t\t\t\t<div class=\"elementor-widget-container\">\n\t\t\t\t\t\t\t\t\t<p>Unsere Videosammlung umfasst Vortr\u00e4ge, Interviews und Teaser, die den neusten Stand der Forschung zur luwischen Kultur beleuchten.<\/p>\t\t\t\t\t\t\t\t<\/div>\n\t\t\t\t<\/div>\n\t\t\t\t\t<\/div>\n\t\t\t\t<\/div>\n\t\t<div class=\"elementor-element elementor-element-cede57a e-flex e-con-boxed e-con e-parent\" data-id=\"cede57a\" data-element_type=\"container\" data-e-type=\"container\" data-settings=\"{&quot;jet_parallax_layout_list&quot;:[]}\">\n\t\t\t\t\t<div class=\"e-con-inner\">\n\t\t<div class=\"elementor-element elementor-element-f6a3681 e-con-full e-flex e-con e-child\" data-id=\"f6a3681\" data-element_type=\"container\" data-e-type=\"container\" data-settings=\"{&quot;jet_parallax_layout_list&quot;:[]}\">\n\t\t<div class=\"elementor-element elementor-element-ccd89aa e-con-full e-flex e-con e-child\" data-id=\"ccd89aa\" data-element_type=\"container\" data-e-type=\"container\" data-settings=\"{&quot;jet_parallax_layout_list&quot;:[]}\">\n\t\t\t\t<div class=\"elementor-element elementor-element-f6cae72 elementor-widget elementor-widget-video\" data-id=\"f6cae72\" data-element_type=\"widget\" data-e-type=\"widget\" data-settings=\"{&quot;youtube_url&quot;:&quot;https:\\\/\\\/youtu.be\\\/4w2KlRM5P_s?si=kg9xK0vrTTl7lqRU&quot;,&quot;video_type&quot;:&quot;youtube&quot;,&quot;controls&quot;:&quot;yes&quot;}\" data-widget_type=\"video.default\">\n\t\t\t\t<div class=\"elementor-widget-container\">\n\t\t\t\t\t\t\t<div class=\"elementor-wrapper elementor-open-inline\">\n\t\t\t<div class=\"elementor-video\"><\/div>\t\t<\/div>\n\t\t\t\t\t\t<\/div>\n\t\t\t\t<\/div>\n\t\t\t\t<\/div>\n\t\t<div class=\"elementor-element elementor-element-2205af5 e-con-full e-flex e-con e-child\" data-id=\"2205af5\" data-element_type=\"container\" data-e-type=\"container\" data-settings=\"{&quot;jet_parallax_layout_list&quot;:[]}\">\n\t\t\t\t<div class=\"elementor-element elementor-element-e03896e elementor-widget elementor-widget-heading\" data-id=\"e03896e\" data-element_type=\"widget\" data-e-type=\"widget\" data-widget_type=\"heading.default\">\n\t\t\t\t<div class=\"elementor-widget-container\">\n\t\t\t\t\t<h3 class=\"elementor-heading-title elementor-size-default\">Lost Civilizations and the Stars: Decoding an Ancient Astronomical Sanctuary<\/h3>\t\t\t\t<\/div>\n\t\t\t\t<\/div>\n\t\t\t\t<div class=\"elementor-element elementor-element-e550884 elementor-widget elementor-widget-text-editor\" data-id=\"e550884\" data-element_type=\"widget\" data-e-type=\"widget\" data-widget_type=\"text-editor.default\">\n\t\t\t\t<div class=\"elementor-widget-container\">\n\t\t\t\t\t\t\t\t\t<p>Schon vor Jahrtausenden haben die Menschen im Himmel nach Sinn, Macht und Ordnung gesucht. Dieser Vortrag enth\u00fcllt die verborgenen Zusammenh\u00e4nge zwischen Mythos, Astronomie und heiligen St\u00e4tten. Er zeigt auf, wie ein K\u00f6nigreich, das einst mit \u00c4gypten und Mesopotamien rivalisierte, seinen Platz im Kosmos sah. <\/p><p>Der Arch\u00e4ologe und Geologe Eberhard Zangger spricht auf Einladung des Joint Alumni Forum, das von den Schweizer Alumni-Organisationen der Universit\u00e4ten Harvard, Oxford, Cambridge, Stanford, Yale und Columbia getragen wird.<\/p>\t\t\t\t\t\t\t\t<\/div>\n\t\t\t\t<\/div>\n\t\t\t\t<\/div>\n\t\t\t\t<\/div>\n\t\t\t\t<div class=\"elementor-element elementor-element-4f17373 elementor-widget-divider--view-line elementor-widget elementor-widget-divider\" data-id=\"4f17373\" data-element_type=\"widget\" data-e-type=\"widget\" data-widget_type=\"divider.default\">\n\t\t\t\t<div class=\"elementor-widget-container\">\n\t\t\t\t\t\t\t<div class=\"elementor-divider\">\n\t\t\t<span class=\"elementor-divider-separator\">\n\t\t\t\t\t\t<\/span>\n\t\t<\/div>\n\t\t\t\t\t\t<\/div>\n\t\t\t\t<\/div>\n\t\t<div class=\"elementor-element elementor-element-5fe6b8b e-con-full e-flex e-con e-child\" data-id=\"5fe6b8b\" data-element_type=\"container\" data-e-type=\"container\" data-settings=\"{&quot;jet_parallax_layout_list&quot;:[]}\">\n\t\t<div class=\"elementor-element elementor-element-c71570d e-con-full e-flex e-con e-child\" data-id=\"c71570d\" data-element_type=\"container\" data-e-type=\"container\" data-settings=\"{&quot;jet_parallax_layout_list&quot;:[]}\">\n\t\t\t\t<div class=\"elementor-element elementor-element-06be393 elementor-widget elementor-widget-video\" data-id=\"06be393\" data-element_type=\"widget\" data-e-type=\"widget\" data-settings=\"{&quot;youtube_url&quot;:&quot;https:\\\/\\\/youtu.be\\\/_FqEW_y6I3U?si=nb-3aiPEUdPfkYxw&quot;,&quot;video_type&quot;:&quot;youtube&quot;,&quot;controls&quot;:&quot;yes&quot;}\" data-widget_type=\"video.default\">\n\t\t\t\t<div class=\"elementor-widget-container\">\n\t\t\t\t\t\t\t<div class=\"elementor-wrapper elementor-open-inline\">\n\t\t\t<div class=\"elementor-video\"><\/div>\t\t<\/div>\n\t\t\t\t\t\t<\/div>\n\t\t\t\t<\/div>\n\t\t\t\t<\/div>\n\t\t<div class=\"elementor-element elementor-element-0252578 e-con-full e-flex e-con e-child\" data-id=\"0252578\" data-element_type=\"container\" data-e-type=\"container\" data-settings=\"{&quot;jet_parallax_layout_list&quot;:[]}\">\n\t\t\t\t<div class=\"elementor-element elementor-element-77a616e elementor-widget elementor-widget-heading\" data-id=\"77a616e\" data-element_type=\"widget\" data-e-type=\"widget\" data-widget_type=\"heading.default\">\n\t\t\t\t<div class=\"elementor-widget-container\">\n\t\t\t\t\t<h3 class=\"elementor-heading-title elementor-size-default\">Das hethitische Felsheiligtum Yaz\u0131l\u0131kaya \u2013 ein Lunisolarkalender<\/h3>\t\t\t\t<\/div>\n\t\t\t\t<\/div>\n\t\t\t\t<div class=\"elementor-element elementor-element-40c15c6 elementor-widget elementor-widget-text-editor\" data-id=\"40c15c6\" data-element_type=\"widget\" data-e-type=\"widget\" data-widget_type=\"text-editor.default\">\n\t\t\t\t<div class=\"elementor-widget-container\">\n\t\t\t\t\t\t\t\t\t<p>Dieses kurze Einf\u00fchrungsvideo veranschaulicht die astronomische Ausrichtung von Geb\u00e4uden, Kammern und Toren in Hattu\u0161a, der Hauptstadt des sp\u00e4tbronzezeitlichen hethitischen Reiches im Zentrum der heutigen Republik T\u00fcrkiye. Zeitraffersequenzen zeigen eindrucksvoll die Licht-und-Schatten-Effekte, die etwa zu den Sonnenwenden entstehen. Eine k\u00fcnstlerische Rekonstruktion vermittelt zudem einen Eindruck davon, wie das Felsenheiligtum Yaz\u0131l\u0131kaya einst ausgesehen haben k\u00f6nnte, als es noch genutzt wurde.  <\/p><p>F\u00fcr seine eindrucksvolle Darstellung wurde das Video auf der ARTEFACTA 2022 mit dem zweiten Preis in der Kategorie Dokumentarfilm ausgezeichnet.<\/p>\t\t\t\t\t\t\t\t<\/div>\n\t\t\t\t<\/div>\n\t\t\t\t<\/div>\n\t\t\t\t<\/div>\n\t\t\t\t<div class=\"elementor-element elementor-element-bf28d52 elementor-widget-divider--view-line elementor-widget elementor-widget-divider\" data-id=\"bf28d52\" data-element_type=\"widget\" data-e-type=\"widget\" data-widget_type=\"divider.default\">\n\t\t\t\t<div class=\"elementor-widget-container\">\n\t\t\t\t\t\t\t<div class=\"elementor-divider\">\n\t\t\t<span class=\"elementor-divider-separator\">\n\t\t\t\t\t\t<\/span>\n\t\t<\/div>\n\t\t\t\t\t\t<\/div>\n\t\t\t\t<\/div>\n\t\t<div class=\"elementor-element elementor-element-c28adba e-con-full e-flex e-con e-child\" data-id=\"c28adba\" data-element_type=\"container\" data-e-type=\"container\" data-settings=\"{&quot;jet_parallax_layout_list&quot;:[]}\">\n\t\t<div class=\"elementor-element elementor-element-feb6caf e-con-full e-flex e-con e-child\" data-id=\"feb6caf\" data-element_type=\"container\" data-e-type=\"container\" data-settings=\"{&quot;jet_parallax_layout_list&quot;:[]}\">\n\t\t\t\t<div class=\"elementor-element elementor-element-1bb99c4 elementor-widget elementor-widget-video\" data-id=\"1bb99c4\" data-element_type=\"widget\" data-e-type=\"widget\" data-settings=\"{&quot;youtube_url&quot;:&quot;https:\\\/\\\/www.youtube.com\\\/watch?v=kpe0-xO0OqY&quot;,&quot;video_type&quot;:&quot;youtube&quot;,&quot;controls&quot;:&quot;yes&quot;}\" data-widget_type=\"video.default\">\n\t\t\t\t<div class=\"elementor-widget-container\">\n\t\t\t\t\t\t\t<div class=\"elementor-wrapper elementor-open-inline\">\n\t\t\t<div class=\"elementor-video\"><\/div>\t\t<\/div>\n\t\t\t\t\t\t<\/div>\n\t\t\t\t<\/div>\n\t\t\t\t<\/div>\n\t\t<div class=\"elementor-element elementor-element-7edc573 e-con-full e-flex e-con e-child\" data-id=\"7edc573\" data-element_type=\"container\" data-e-type=\"container\" data-settings=\"{&quot;jet_parallax_layout_list&quot;:[]}\">\n\t\t\t\t<div class=\"elementor-element elementor-element-58c8667 elementor-widget elementor-widget-heading\" data-id=\"58c8667\" data-element_type=\"widget\" data-e-type=\"widget\" data-widget_type=\"heading.default\">\n\t\t\t\t<div class=\"elementor-widget-container\">\n\t\t\t\t\t<h3 class=\"elementor-heading-title elementor-size-default\">Kosmische Symbolik im hethitischen Yaz\u0131l\u0131kaya<\/h3>\t\t\t\t<\/div>\n\t\t\t\t<\/div>\n\t\t\t\t<div class=\"elementor-element elementor-element-256a160 elementor-widget elementor-widget-text-editor\" data-id=\"256a160\" data-element_type=\"widget\" data-e-type=\"widget\" data-widget_type=\"text-editor.default\">\n\t\t\t\t<div class=\"elementor-widget-container\">\n\t\t\t\t\t\t\t\t\t<p>Seit fast zweihundert Jahren suchen Arch\u00e4ologen nach einer schl\u00fcssigen Erkl\u00e4rung f\u00fcr das antike Felsheiligtum von Yaz\u0131l\u0131kaya im Zentrum der heutigen Republik T\u00fcrkiye. Vor \u00fcber 3200 Jahren mei\u00dfelten Steinmetze mehr als 90 kunstvolle Reliefs in den Kalksteinfelsen \u2013 Darstellungen von Gottheiten, Tieren und Chim\u00e4ren. Ein internationales Forscherteam um Luwian Studies hat eine Interpretation vorgelegt, die erstmals einen koh\u00e4renten Zusammenhang f\u00fcr alle Reliefs herstellt. Demnach verk\u00f6rpern die in zwei Felskammern gehauenen Darstellungen eine symbolische Darstellung des Kosmos: die Unterwelt, die Erde und den Himmel sowie die wiederkehrenden Zyklen der Jahreszeiten, die Mondphasen und den Wechsel von Tag und Nacht.   <\/p>\t\t\t\t\t\t\t\t<\/div>\n\t\t\t\t<\/div>\n\t\t\t\t<\/div>\n\t\t\t\t<\/div>\n\t\t\t\t<div class=\"elementor-element elementor-element-44e1cad elementor-widget-divider--view-line elementor-widget elementor-widget-divider\" data-id=\"44e1cad\" data-element_type=\"widget\" data-e-type=\"widget\" data-widget_type=\"divider.default\">\n\t\t\t\t<div class=\"elementor-widget-container\">\n\t\t\t\t\t\t\t<div class=\"elementor-divider\">\n\t\t\t<span class=\"elementor-divider-separator\">\n\t\t\t\t\t\t<\/span>\n\t\t<\/div>\n\t\t\t\t\t\t<\/div>\n\t\t\t\t<\/div>\n\t\t<div class=\"elementor-element elementor-element-ebeb34f e-con-full e-flex e-con e-child\" data-id=\"ebeb34f\" data-element_type=\"container\" data-e-type=\"container\" data-settings=\"{&quot;jet_parallax_layout_list&quot;:[]}\">\n\t\t<div class=\"elementor-element elementor-element-a47f454 e-con-full e-flex e-con e-child\" data-id=\"a47f454\" data-element_type=\"container\" data-e-type=\"container\" data-settings=\"{&quot;jet_parallax_layout_list&quot;:[]}\">\n\t\t\t\t<div class=\"elementor-element elementor-element-e600230 elementor-widget elementor-widget-video\" data-id=\"e600230\" data-element_type=\"widget\" data-e-type=\"widget\" data-settings=\"{&quot;youtube_url&quot;:&quot;https:\\\/\\\/www.youtube.com\\\/watch?v=A4-2MMBn_is&amp;t=1s&quot;,&quot;video_type&quot;:&quot;youtube&quot;,&quot;controls&quot;:&quot;yes&quot;}\" data-widget_type=\"video.default\">\n\t\t\t\t<div class=\"elementor-widget-container\">\n\t\t\t\t\t\t\t<div class=\"elementor-wrapper elementor-open-inline\">\n\t\t\t<div class=\"elementor-video\"><\/div>\t\t<\/div>\n\t\t\t\t\t\t<\/div>\n\t\t\t\t<\/div>\n\t\t\t\t<\/div>\n\t\t<div class=\"elementor-element elementor-element-ff9ab72 e-con-full e-flex e-con e-child\" data-id=\"ff9ab72\" data-element_type=\"container\" data-e-type=\"container\" data-settings=\"{&quot;jet_parallax_layout_list&quot;:[]}\">\n\t\t\t\t<div class=\"elementor-element elementor-element-37b6589 elementor-widget elementor-widget-heading\" data-id=\"37b6589\" data-element_type=\"widget\" data-e-type=\"widget\" data-widget_type=\"heading.default\">\n\t\t\t\t<div class=\"elementor-widget-container\">\n\t\t\t\t\t<h3 class=\"elementor-heading-title elementor-size-default\">Die Sonne, der Mond und die Sterne aus der Sicht der Hethiter und Luwier<\/h3>\t\t\t\t<\/div>\n\t\t\t\t<\/div>\n\t\t\t\t<div class=\"elementor-element elementor-element-d4ad343 elementor-widget elementor-widget-text-editor\" data-id=\"d4ad343\" data-element_type=\"widget\" data-e-type=\"widget\" data-widget_type=\"text-editor.default\">\n\t\t\t\t<div class=\"elementor-widget-container\">\n\t\t\t\t\t\t\t\t\t<p>In diesem Vortragsvideo gibt der Arch\u00e4ologe und Geologe Eberhard Zangger einen \u00dcberblick \u00fcber die himmelsbezogenen Glaubensvorstellungen der hethitischen Gesellschaft, die insbesondere in den letzten Jahren deutlich geworden sind. Er stellt eine kosmologische Interpretation des hethitischen Felsheiligtums von Yaz\u0131l\u0131kaya nahe der ehemaligen Hauptstadt Hattu\u0161a vor und zeigt, dass die 66 Steinreliefs der Kammer A als Lunisolarkalender fungieren \u2013 ein System, das auch heute noch pr\u00e4zise funktionieren w\u00fcrde.  <\/p><p>Der Vortrag wurde am 14. M\u00e4rz 2019 in Z\u00fcrich im Zusammenhang mit einer ordentlichen Sitzung des Stiftungsrats von Luwian Studies gehalten.<\/p>\t\t\t\t\t\t\t\t<\/div>\n\t\t\t\t<\/div>\n\t\t\t\t<\/div>\n\t\t\t\t<\/div>\n\t\t\t\t<div class=\"elementor-element elementor-element-d9f3b12 elementor-widget-divider--view-line elementor-widget elementor-widget-divider\" data-id=\"d9f3b12\" data-element_type=\"widget\" data-e-type=\"widget\" data-widget_type=\"divider.default\">\n\t\t\t\t<div class=\"elementor-widget-container\">\n\t\t\t\t\t\t\t<div class=\"elementor-divider\">\n\t\t\t<span class=\"elementor-divider-separator\">\n\t\t\t\t\t\t<\/span>\n\t\t<\/div>\n\t\t\t\t\t\t<\/div>\n\t\t\t\t<\/div>\n\t\t<div class=\"elementor-element elementor-element-2560b8e e-con-full e-flex e-con e-child\" data-id=\"2560b8e\" data-element_type=\"container\" data-e-type=\"container\" data-settings=\"{&quot;jet_parallax_layout_list&quot;:[]}\">\n\t\t<div class=\"elementor-element elementor-element-d73adbe e-con-full e-flex e-con e-child\" data-id=\"d73adbe\" data-element_type=\"container\" data-e-type=\"container\" data-settings=\"{&quot;jet_parallax_layout_list&quot;:[]}\">\n\t\t\t\t<div class=\"elementor-element elementor-element-724882b elementor-widget elementor-widget-video\" data-id=\"724882b\" data-element_type=\"widget\" data-e-type=\"widget\" data-settings=\"{&quot;youtube_url&quot;:&quot;https:\\\/\\\/www.youtube.com\\\/watch?v=WUMHftplBIs&quot;,&quot;video_type&quot;:&quot;youtube&quot;,&quot;controls&quot;:&quot;yes&quot;}\" data-widget_type=\"video.default\">\n\t\t\t\t<div class=\"elementor-widget-container\">\n\t\t\t\t\t\t\t<div class=\"elementor-wrapper elementor-open-inline\">\n\t\t\t<div class=\"elementor-video\"><\/div>\t\t<\/div>\n\t\t\t\t\t\t<\/div>\n\t\t\t\t<\/div>\n\t\t\t\t<\/div>\n\t\t<div class=\"elementor-element elementor-element-d603aeb e-con-full e-flex e-con e-child\" data-id=\"d603aeb\" data-element_type=\"container\" data-e-type=\"container\" data-settings=\"{&quot;jet_parallax_layout_list&quot;:[]}\">\n\t\t\t\t<div class=\"elementor-element elementor-element-faa1df6 elementor-widget elementor-widget-heading\" data-id=\"faa1df6\" data-element_type=\"widget\" data-e-type=\"widget\" data-widget_type=\"heading.default\">\n\t\t\t\t<div class=\"elementor-widget-container\">\n\t\t\t\t\t<h3 class=\"elementor-heading-title elementor-size-default\">Die Luwier: Eine vergessene Kultur erwacht wieder zum Leben<\/h3>\t\t\t\t<\/div>\n\t\t\t\t<\/div>\n\t\t\t\t<div class=\"elementor-element elementor-element-456f84d elementor-widget elementor-widget-text-editor\" data-id=\"456f84d\" data-element_type=\"widget\" data-e-type=\"widget\" data-widget_type=\"text-editor.default\">\n\t\t\t\t<div class=\"elementor-widget-container\">\n\t\t\t\t\t\t\t\t\t<p>Seit 1966 kommen auf Initiative des Nobelpreistr\u00e4gers Prof. Manfred Eigen (1927\u20132019) herausragende Wissenschaftler aus aller Welt im Schweizer Bergdorf Klosters zu einem Winterseminar zusammen, um sich interdisziplin\u00e4r auszutauschen. Im Laufe der Jahre haben mehr als 40 Nobelpreistr\u00e4ger dort referiert. Dieses Video zeigt die Keynote des Pr\u00e4sidenten von Luwian Studies, Dr. Eberhard Zangger, anl\u00e4sslich des 50. Winterseminars am 18. Januar 2015. <\/p>\t\t\t\t\t\t\t\t<\/div>\n\t\t\t\t<\/div>\n\t\t\t\t<\/div>\n\t\t\t\t<\/div>\n\t\t\t\t<div class=\"elementor-element elementor-element-1a97810 elementor-widget-divider--view-line elementor-widget elementor-widget-divider\" data-id=\"1a97810\" data-element_type=\"widget\" data-e-type=\"widget\" data-widget_type=\"divider.default\">\n\t\t\t\t<div class=\"elementor-widget-container\">\n\t\t\t\t\t\t\t<div class=\"elementor-divider\">\n\t\t\t<span class=\"elementor-divider-separator\">\n\t\t\t\t\t\t<\/span>\n\t\t<\/div>\n\t\t\t\t\t\t<\/div>\n\t\t\t\t<\/div>\n\t\t<div class=\"elementor-element elementor-element-7f00686 e-con-full e-flex e-con e-child\" data-id=\"7f00686\" data-element_type=\"container\" data-e-type=\"container\" data-settings=\"{&quot;jet_parallax_layout_list&quot;:[]}\">\n\t\t<div class=\"elementor-element elementor-element-f7ff2ff e-con-full e-flex e-con e-child\" data-id=\"f7ff2ff\" data-element_type=\"container\" data-e-type=\"container\" data-settings=\"{&quot;jet_parallax_layout_list&quot;:[]}\">\n\t\t\t\t<div class=\"elementor-element elementor-element-3cc3487 elementor-widget elementor-widget-video\" data-id=\"3cc3487\" data-element_type=\"widget\" data-e-type=\"widget\" data-settings=\"{&quot;youtube_url&quot;:&quot;https:\\\/\\\/www.youtube.com\\\/watch?v=7VXp-5YMpeQ&quot;,&quot;video_type&quot;:&quot;youtube&quot;,&quot;controls&quot;:&quot;yes&quot;}\" data-widget_type=\"video.default\">\n\t\t\t\t<div class=\"elementor-widget-container\">\n\t\t\t\t\t\t\t<div class=\"elementor-wrapper elementor-open-inline\">\n\t\t\t<div class=\"elementor-video\"><\/div>\t\t<\/div>\n\t\t\t\t\t\t<\/div>\n\t\t\t\t<\/div>\n\t\t\t\t<\/div>\n\t\t<div class=\"elementor-element elementor-element-2049892 e-con-full e-flex e-con e-child\" data-id=\"2049892\" data-element_type=\"container\" data-e-type=\"container\" data-settings=\"{&quot;jet_parallax_layout_list&quot;:[]}\">\n\t\t\t\t<div class=\"elementor-element elementor-element-0bb0e66 elementor-widget elementor-widget-heading\" data-id=\"0bb0e66\" data-element_type=\"widget\" data-e-type=\"widget\" data-widget_type=\"heading.default\">\n\t\t\t\t<div class=\"elementor-widget-container\">\n\t\t\t\t\t<h3 class=\"elementor-heading-title elementor-size-default\">Das Ende der Bronzezeit<\/h3>\t\t\t\t<\/div>\n\t\t\t\t<\/div>\n\t\t\t\t<div class=\"elementor-element elementor-element-1247ba7 elementor-widget elementor-widget-text-editor\" data-id=\"1247ba7\" data-element_type=\"widget\" data-e-type=\"widget\" data-widget_type=\"text-editor.default\">\n\t\t\t\t<div class=\"elementor-widget-container\">\n\t\t\t\t\t\t\t\t\t<p>Um 1200 v. Chr. erlebten die L\u00e4nder des \u00f6stlichen Mittelmeerraums einen tiefgreifenden kulturellen Umbruch: Die Sp\u00e4tbronzezeit endete abrupt, m\u00e4chtige K\u00f6nigreiche brachen zusammen und verschwanden vollst\u00e4ndig. In den folgenden Jahrhunderten wurde die Landwirtschaft zur einzigen Lebensgrundlage der Menschen \u2013 ein Wandel mit weitreichenden Folgen f\u00fcr die Geschichte. Die Ursachen dieses Einschnitts zu erkl\u00e4ren, geh\u00f6rt bis heute zu den gro\u00dfen Herausforderungen der Mittelmeerarch\u00e4ologie. In diesem Video pr\u00e4sentiert die Stiftung Luwian Studies ein umfassendes und plausibles Szenario, das Aufschluss dar\u00fcber gibt, wie es zu diesem dramatischen Umbruch gekommen sein k\u00f6nnte.    <\/p>\t\t\t\t\t\t\t\t<\/div>\n\t\t\t\t<\/div>\n\t\t\t\t<\/div>\n\t\t\t\t<\/div>\n\t\t\t\t<div class=\"elementor-element elementor-element-d120d6a elementor-widget-divider--view-line elementor-widget elementor-widget-divider\" data-id=\"d120d6a\" data-element_type=\"widget\" data-e-type=\"widget\" data-widget_type=\"divider.default\">\n\t\t\t\t<div class=\"elementor-widget-container\">\n\t\t\t\t\t\t\t<div class=\"elementor-divider\">\n\t\t\t<span class=\"elementor-divider-separator\">\n\t\t\t\t\t\t<\/span>\n\t\t<\/div>\n\t\t\t\t\t\t<\/div>\n\t\t\t\t<\/div>\n\t\t<div class=\"elementor-element elementor-element-54f1dbd e-con-full e-flex e-con e-child\" data-id=\"54f1dbd\" data-element_type=\"container\" data-e-type=\"container\" data-settings=\"{&quot;jet_parallax_layout_list&quot;:[]}\">\n\t\t<div class=\"elementor-element elementor-element-49dd428 e-con-full e-flex e-con e-child\" data-id=\"49dd428\" data-element_type=\"container\" data-e-type=\"container\" data-settings=\"{&quot;jet_parallax_layout_list&quot;:[]}\">\n\t\t\t\t<div class=\"elementor-element elementor-element-69f82f9 elementor-widget elementor-widget-video\" data-id=\"69f82f9\" data-element_type=\"widget\" data-e-type=\"widget\" data-settings=\"{&quot;youtube_url&quot;:&quot;https:\\\/\\\/www.youtube.com\\\/watch?v=zMsX2ZoPACA&quot;,&quot;video_type&quot;:&quot;youtube&quot;,&quot;controls&quot;:&quot;yes&quot;}\" data-widget_type=\"video.default\">\n\t\t\t\t<div class=\"elementor-widget-container\">\n\t\t\t\t\t\t\t<div class=\"elementor-wrapper elementor-open-inline\">\n\t\t\t<div class=\"elementor-video\"><\/div>\t\t<\/div>\n\t\t\t\t\t\t<\/div>\n\t\t\t\t<\/div>\n\t\t\t\t<\/div>\n\t\t<div class=\"elementor-element elementor-element-4fb3d53 e-con-full e-flex e-con e-child\" data-id=\"4fb3d53\" data-element_type=\"container\" data-e-type=\"container\" data-settings=\"{&quot;jet_parallax_layout_list&quot;:[]}\">\n\t\t\t\t<div class=\"elementor-element elementor-element-ad3faa1 elementor-widget elementor-widget-heading\" data-id=\"ad3faa1\" data-element_type=\"widget\" data-e-type=\"widget\" data-widget_type=\"heading.default\">\n\t\t\t\t<div class=\"elementor-widget-container\">\n\t\t\t\t\t<h3 class=\"elementor-heading-title elementor-size-default\">Guido de Columnis \u2013 Der Trojanische Krieg<\/h3>\t\t\t\t<\/div>\n\t\t\t\t<\/div>\n\t\t\t\t<div class=\"elementor-element elementor-element-0ee949d elementor-widget elementor-widget-text-editor\" data-id=\"0ee949d\" data-element_type=\"widget\" data-e-type=\"widget\" data-widget_type=\"text-editor.default\">\n\t\t\t\t<div class=\"elementor-widget-container\">\n\t\t\t\t\t\t\t\t\t<p>Die <em>Historia destructionis Troiae<\/em> (Die Geschichte vom Untergang Trojas) von Guido de Columnis aus dem Jahr 1287, vorgestellt von Dr. Eberhard Zangger, Pr\u00e4sident des Stiftungsrates von Luwian Studies.<\/p>\t\t\t\t\t\t\t\t<\/div>\n\t\t\t\t<\/div>\n\t\t\t\t<\/div>\n\t\t\t\t<\/div>\n\t\t\t\t\t<\/div>\n\t\t\t\t<\/div>\n\t\t\t\t<\/div>\n\t\t","protected":false},"excerpt":{"rendered":"<p>Videos Dokumentarfilme, Vortr\u00e4ge und Expertendiskussionen Unsere Videosammlung umfasst Vortr\u00e4ge, Interviews und Teaser, die den neusten Stand der Forschung zur luwischen Kultur beleuchten. https:\/\/youtu.be\/_FqEW_y6I3U?si=nb-3aiPEUdPfkYxw Das hethitische Felsheiligtum Yaz\u0131l\u0131kaya \u2013 ein Lunisolarkalender Dieses kurze Einf\u00fchrungsvideo veranschaulicht die astronomische Ausrichtung von Geb\u00e4uden, Kammern und Toren in Hattu\u0161a, der Hauptstadt des sp\u00e4tbronzezeitlichen hethitischen Reiches im Zentrum der heutigen Republik [&hellip;]<\/p>\n","protected":false},"author":7,"featured_media":0,"parent":20458,"menu_order":0,"comment_status":"closed","ping_status":"closed","template":"","meta":{"iawp_total_views":124,"footnotes":""},"class_list":["post-17745","page","type-page","status-publish","hentry"],"_links":{"self":[{"href":"https:\/\/luwianstudies.org\/de\/wp-json\/wp\/v2\/pages\/17745","targetHints":{"allow":["GET"]}}],"collection":[{"href":"https:\/\/luwianstudies.org\/de\/wp-json\/wp\/v2\/pages"}],"about":[{"href":"https:\/\/luwianstudies.org\/de\/wp-json\/wp\/v2\/types\/page"}],"author":[{"embeddable":true,"href":"https:\/\/luwianstudies.org\/de\/wp-json\/wp\/v2\/users\/7"}],"replies":[{"embeddable":true,"href":"https:\/\/luwianstudies.org\/de\/wp-json\/wp\/v2\/comments?post=17745"}],"version-history":[{"count":20,"href":"https:\/\/luwianstudies.org\/de\/wp-json\/wp\/v2\/pages\/17745\/revisions"}],"predecessor-version":[{"id":24084,"href":"https:\/\/luwianstudies.org\/de\/wp-json\/wp\/v2\/pages\/17745\/revisions\/24084"}],"up":[{"embeddable":true,"href":"https:\/\/luwianstudies.org\/de\/wp-json\/wp\/v2\/pages\/20458"}],"wp:attachment":[{"href":"https:\/\/luwianstudies.org\/de\/wp-json\/wp\/v2\/media?parent=17745"}],"curies":[{"name":"wp","href":"https:\/\/api.w.org\/{rel}","templated":true}]}}