

{"id":23062,"date":"2024-01-03T11:34:13","date_gmt":"2024-01-03T10:34:13","guid":{"rendered":"https:\/\/neu.luwianstudies.org\/impressum-2\/"},"modified":"2025-06-12T10:19:24","modified_gmt":"2025-06-12T08:19:24","slug":"impressum-2","status":"publish","type":"page","link":"https:\/\/luwianstudies.org\/de\/impressum-2\/","title":{"rendered":"Impressum"},"content":{"rendered":"\t\t<div data-elementor-type=\"wp-page\" data-elementor-id=\"23062\" class=\"elementor elementor-23062 elementor-104\" data-elementor-post-type=\"page\">\n\t\t\t\t<div class=\"elementor-element elementor-element-3243c1ac pad-tb-l animated-slow e-flex e-con-boxed e-con e-parent\" data-id=\"3243c1ac\" data-element_type=\"container\" data-e-type=\"container\" data-settings=\"{&quot;animation&quot;:&quot;none&quot;,&quot;animation_delay&quot;:0.5,&quot;jet_parallax_layout_list&quot;:[]}\">\n\t\t\t\t\t<div class=\"e-con-inner\">\n\t\t<div class=\"elementor-element elementor-element-43b53bbd e-con-full e-flex e-con e-child\" data-id=\"43b53bbd\" data-element_type=\"container\" data-e-type=\"container\" data-settings=\"{&quot;jet_parallax_layout_list&quot;:[]}\">\n\t\t\t\t<div class=\"elementor-element elementor-element-12a37ac9 elementor-widget elementor-widget-heading\" data-id=\"12a37ac9\" data-element_type=\"widget\" data-e-type=\"widget\" data-widget_type=\"heading.default\">\n\t\t\t\t<div class=\"elementor-widget-container\">\n\t\t\t\t\t<h1 class=\"elementor-heading-title elementor-size-default\">Impressum<\/h1>\t\t\t\t<\/div>\n\t\t\t\t<\/div>\n\t\t\t\t<div class=\"elementor-element elementor-element-64414b63 pad-t-s elementor-widget elementor-widget-text-editor\" data-id=\"64414b63\" data-element_type=\"widget\" data-e-type=\"widget\" data-widget_type=\"text-editor.default\">\n\t\t\t\t<div class=\"elementor-widget-container\">\n\t\t\t\t\t\t\t\t\t<p style=\"--brlbs-tw-border-spacing-x: 0; --brlbs-tw-border-spacing-y: 0; --brlbs-tw-translate-x: 0; --brlbs-tw-translate-y: 0; --brlbs-tw-rotate: 0; --brlbs-tw-skew-x: 0; --brlbs-tw-skew-y: 0; --brlbs-tw-scale-x: 1; --brlbs-tw-scale-y: 1; --brlbs-tw-scroll-snap-strictness: proximity; --brlbs-tw-ring-offset-width: 0px; --brlbs-tw-ring-offset-color: #fff; --brlbs-tw-ring-color: rgba(59,130,246,.5); --brlbs-tw-ring-offset-shadow: 0 0 #0000; --brlbs-tw-ring-shadow: 0 0 #0000; --brlbs-tw-shadow: 0 0 #0000; --brlbs-tw-shadow-colored: 0 0 #0000; color: #424242; font-family: Inter, sans-serif; font-size: 16px;\"><span style=\"--brlbs-tw-border-spacing-x: 0; --brlbs-tw-border-spacing-y: 0; --brlbs-tw-translate-x: 0; --brlbs-tw-translate-y: 0; --brlbs-tw-rotate: 0; --brlbs-tw-skew-x: 0; --brlbs-tw-skew-y: 0; --brlbs-tw-scale-x: 1; --brlbs-tw-scale-y: 1; --brlbs-tw-scroll-snap-strictness: proximity; --brlbs-tw-ring-offset-width: 0px; --brlbs-tw-ring-offset-color: #fff; --brlbs-tw-ring-color: rgba(59,130,246,.5); --brlbs-tw-ring-offset-shadow: 0 0 #0000; --brlbs-tw-ring-shadow: 0 0 #0000; --brlbs-tw-shadow: 0 0 #0000; --brlbs-tw-shadow-colored: 0 0 #0000; font-weight: bolder;\">Verantwortlich f\u00fcr alle Inhalte dieser Website:<\/span><\/p><p>Luwian Studies<br>Fraum\u00fcnsterstrasse 11<br>8001 Z\u00fcrich<br>Schweiz<\/p><p><strong>Telefon:<\/strong> +41 (0)44 250 74 90<br><strong>E-Mail:<\/strong> <a href=\"mailto:info@luwianstudies.org\"><span class=\"\"><span style=\"display:inline;unicode-bidi:bidi-override;direction:rtl;\" class=\"\">gro.seidutsnaiwul<span style=\"display:none;\">obfsctd-20d689<\/span>&#64;ofni<\/span><\/span><\/a><\/p><p> <\/p><p style=\"--brlbs-tw-border-spacing-x: 0; --brlbs-tw-border-spacing-y: 0; --brlbs-tw-translate-x: 0; --brlbs-tw-translate-y: 0; --brlbs-tw-rotate: 0; --brlbs-tw-skew-x: 0; --brlbs-tw-skew-y: 0; --brlbs-tw-scale-x: 1; --brlbs-tw-scale-y: 1; --brlbs-tw-scroll-snap-strictness: proximity; --brlbs-tw-ring-offset-width: 0px; --brlbs-tw-ring-offset-color: #fff; --brlbs-tw-ring-color: rgba(59,130,246,.5); --brlbs-tw-ring-offset-shadow: 0 0 #0000; --brlbs-tw-ring-shadow: 0 0 #0000; --brlbs-tw-shadow: 0 0 #0000; --brlbs-tw-shadow-colored: 0 0 #0000; color: #424242; font-family: Inter, sans-serif; font-size: 16px;\"><span style=\"--brlbs-tw-border-spacing-x: 0; --brlbs-tw-border-spacing-y: 0; --brlbs-tw-translate-x: 0; --brlbs-tw-translate-y: 0; --brlbs-tw-rotate: 0; --brlbs-tw-skew-x: 0; --brlbs-tw-skew-y: 0; --brlbs-tw-scale-x: 1; --brlbs-tw-scale-y: 1; --brlbs-tw-scroll-snap-strictness: proximity; --brlbs-tw-ring-offset-width: 0px; --brlbs-tw-ring-offset-color: #fff; --brlbs-tw-ring-color: rgba(59,130,246,.5); --brlbs-tw-ring-offset-shadow: 0 0 #0000; --brlbs-tw-ring-shadow: 0 0 #0000; --brlbs-tw-shadow: 0 0 #0000; --brlbs-tw-shadow-colored: 0 0 #0000; font-weight: bolder;\">Haftungsausschluss<br style=\"--brlbs-tw-border-spacing-x: 0; --brlbs-tw-border-spacing-y: 0; --brlbs-tw-translate-x: 0; --brlbs-tw-translate-y: 0; --brlbs-tw-rotate: 0; --brlbs-tw-skew-x: 0; --brlbs-tw-skew-y: 0; --brlbs-tw-scale-x: 1; --brlbs-tw-scale-y: 1; --brlbs-tw-scroll-snap-strictness: proximity; --brlbs-tw-ring-offset-width: 0px; --brlbs-tw-ring-offset-color: #fff; --brlbs-tw-ring-color: rgba(59,130,246,.5); --brlbs-tw-ring-offset-shadow: 0 0 #0000; --brlbs-tw-ring-shadow: 0 0 #0000; --brlbs-tw-shadow: 0 0 #0000; --brlbs-tw-shadow-colored: 0 0 #0000;\"><\/span>Der Autor \u00fcbernimmt keinerlei Gew\u00e4hr hinsichtlich der inhaltlichen Richtigkeit, Genauigkeit, Aktualit\u00e4t, Zuverl\u00e4ssigkeit und Vollst\u00e4ndigkeit der Informationen. Haftungsanspr\u00fcche gegen den Autor wegen Sch\u00e4den materieller oder immaterieller Art, welche aus dem Zugriff oder der Nutzung bzw. Nichtnutzung der ver\u00f6ffentlichten Informationen, durch Missbrauch der Verbindung oder durch technische St\u00f6rungen entstanden sind, werden ausgeschlossen. Alle Angebote sind unverbindlich. Der Autor beh\u00e4lt es sich ausdr\u00fccklich vor, Teile der Seiten oder das gesamte Angebot ohne gesonderte Ank\u00fcndigung zu ver\u00e4ndern, zu erg\u00e4nzen, zu l\u00f6schen oder die Ver\u00f6ffentlichung zeitweise oder endg\u00fcltig einzustellen.   <\/p><p style=\"--brlbs-tw-border-spacing-x: 0; --brlbs-tw-border-spacing-y: 0; --brlbs-tw-translate-x: 0; --brlbs-tw-translate-y: 0; --brlbs-tw-rotate: 0; --brlbs-tw-skew-x: 0; --brlbs-tw-skew-y: 0; --brlbs-tw-scale-x: 1; --brlbs-tw-scale-y: 1; --brlbs-tw-scroll-snap-strictness: proximity; --brlbs-tw-ring-offset-width: 0px; --brlbs-tw-ring-offset-color: #fff; --brlbs-tw-ring-color: rgba(59,130,246,.5); --brlbs-tw-ring-offset-shadow: 0 0 #0000; --brlbs-tw-ring-shadow: 0 0 #0000; --brlbs-tw-shadow: 0 0 #0000; --brlbs-tw-shadow-colored: 0 0 #0000; color: #424242; font-family: Inter, sans-serif; font-size: 16px;\"><span style=\"--brlbs-tw-border-spacing-x: 0; --brlbs-tw-border-spacing-y: 0; --brlbs-tw-translate-x: 0; --brlbs-tw-translate-y: 0; --brlbs-tw-rotate: 0; --brlbs-tw-skew-x: 0; --brlbs-tw-skew-y: 0; --brlbs-tw-scale-x: 1; --brlbs-tw-scale-y: 1; --brlbs-tw-scroll-snap-strictness: proximity; --brlbs-tw-ring-offset-width: 0px; --brlbs-tw-ring-offset-color: #fff; --brlbs-tw-ring-color: rgba(59,130,246,.5); --brlbs-tw-ring-offset-shadow: 0 0 #0000; --brlbs-tw-ring-shadow: 0 0 #0000; --brlbs-tw-shadow: 0 0 #0000; --brlbs-tw-shadow-colored: 0 0 #0000; font-weight: bolder;\">Haftung f\u00fcr Links<br style=\"--brlbs-tw-border-spacing-x: 0; --brlbs-tw-border-spacing-y: 0; --brlbs-tw-translate-x: 0; --brlbs-tw-translate-y: 0; --brlbs-tw-rotate: 0; --brlbs-tw-skew-x: 0; --brlbs-tw-skew-y: 0; --brlbs-tw-scale-x: 1; --brlbs-tw-scale-y: 1; --brlbs-tw-scroll-snap-strictness: proximity; --brlbs-tw-ring-offset-width: 0px; --brlbs-tw-ring-offset-color: #fff; --brlbs-tw-ring-color: rgba(59,130,246,.5); --brlbs-tw-ring-offset-shadow: 0 0 #0000; --brlbs-tw-ring-shadow: 0 0 #0000; --brlbs-tw-shadow: 0 0 #0000; --brlbs-tw-shadow-colored: 0 0 #0000;\"><\/span>Verweise und Links auf Webseiten Dritter liegen ausserhalb unseres Verantwortungsbereichs. Es wird jegliche Verantwortung f\u00fcr solche Webseiten abgelehnt. Der Zugriff und die Nutzung solcher Webseiten erfolgen auf eigene Gefahr des Nutzers oder der Nutzerin.  <\/p><p style=\"--brlbs-tw-border-spacing-x: 0; --brlbs-tw-border-spacing-y: 0; --brlbs-tw-translate-x: 0; --brlbs-tw-translate-y: 0; --brlbs-tw-rotate: 0; --brlbs-tw-skew-x: 0; --brlbs-tw-skew-y: 0; --brlbs-tw-scale-x: 1; --brlbs-tw-scale-y: 1; --brlbs-tw-scroll-snap-strictness: proximity; --brlbs-tw-ring-offset-width: 0px; --brlbs-tw-ring-offset-color: #fff; --brlbs-tw-ring-color: rgba(59,130,246,.5); --brlbs-tw-ring-offset-shadow: 0 0 #0000; --brlbs-tw-ring-shadow: 0 0 #0000; --brlbs-tw-shadow: 0 0 #0000; --brlbs-tw-shadow-colored: 0 0 #0000; color: #424242; font-family: Inter, sans-serif; font-size: 16px;\"><span style=\"--brlbs-tw-border-spacing-x: 0; --brlbs-tw-border-spacing-y: 0; --brlbs-tw-translate-x: 0; --brlbs-tw-translate-y: 0; --brlbs-tw-rotate: 0; --brlbs-tw-skew-x: 0; --brlbs-tw-skew-y: 0; --brlbs-tw-scale-x: 1; --brlbs-tw-scale-y: 1; --brlbs-tw-scroll-snap-strictness: proximity; --brlbs-tw-ring-offset-width: 0px; --brlbs-tw-ring-offset-color: #fff; --brlbs-tw-ring-color: rgba(59,130,246,.5); --brlbs-tw-ring-offset-shadow: 0 0 #0000; --brlbs-tw-ring-shadow: 0 0 #0000; --brlbs-tw-shadow: 0 0 #0000; --brlbs-tw-shadow-colored: 0 0 #0000; font-weight: bolder;\">Urheberrechte<br style=\"--brlbs-tw-border-spacing-x: 0; --brlbs-tw-border-spacing-y: 0; --brlbs-tw-translate-x: 0; --brlbs-tw-translate-y: 0; --brlbs-tw-rotate: 0; --brlbs-tw-skew-x: 0; --brlbs-tw-skew-y: 0; --brlbs-tw-scale-x: 1; --brlbs-tw-scale-y: 1; --brlbs-tw-scroll-snap-strictness: proximity; --brlbs-tw-ring-offset-width: 0px; --brlbs-tw-ring-offset-color: #fff; --brlbs-tw-ring-color: rgba(59,130,246,.5); --brlbs-tw-ring-offset-shadow: 0 0 #0000; --brlbs-tw-ring-shadow: 0 0 #0000; --brlbs-tw-shadow: 0 0 #0000; --brlbs-tw-shadow-colored: 0 0 #0000;\"><\/span>Die Urheber- und alle anderen Rechte an Inhalten, Bildern, Fotos oder anderen Dateien auf der Website geh\u00f6ren ausschliesslich dem Autor oder den speziell genannten Rechtsinhabern. F\u00fcr die Reproduktion jeglicher Elemente ist die schriftliche Zustimmung der Urheberrechtstr\u00e4ger im Voraus einzuholen. <\/p>\t\t\t\t\t\t\t\t<\/div>\n\t\t\t\t<\/div>\n\t\t\t\t<\/div>\n\t\t\t\t\t<\/div>\n\t\t\t\t<\/div>\n\t\t\t\t<\/div>\n\t\t","protected":false},"excerpt":{"rendered":"<p>Impressum Verantwortlich f\u00fcr alle Inhalte dieser Website: Luwian StudiesFraum\u00fcnsterstrasse 118001 Z\u00fcrichSchweiz Telefon: +41 (0)44 250 74 90E-Mail: gro.seidutsnaiwulobfsctd-48e417&#64;ofni HaftungsausschlussDer Autor \u00fcbernimmt keinerlei Gew\u00e4hr hinsichtlich der inhaltlichen Richtigkeit, Genauigkeit, Aktualit\u00e4t, Zuverl\u00e4ssigkeit und Vollst\u00e4ndigkeit der Informationen. Haftungsanspr\u00fcche gegen den Autor wegen Sch\u00e4den materieller oder immaterieller Art, welche aus dem Zugriff oder der Nutzung bzw. Nichtnutzung der ver\u00f6ffentlichten [&hellip;]<\/p>\n","protected":false},"author":3,"featured_media":0,"parent":0,"menu_order":0,"comment_status":"closed","ping_status":"closed","template":"","meta":{"iawp_total_views":4,"footnotes":""},"class_list":["post-23062","page","type-page","status-publish","hentry"],"_links":{"self":[{"href":"https:\/\/luwianstudies.org\/de\/wp-json\/wp\/v2\/pages\/23062","targetHints":{"allow":["GET"]}}],"collection":[{"href":"https:\/\/luwianstudies.org\/de\/wp-json\/wp\/v2\/pages"}],"about":[{"href":"https:\/\/luwianstudies.org\/de\/wp-json\/wp\/v2\/types\/page"}],"author":[{"embeddable":true,"href":"https:\/\/luwianstudies.org\/de\/wp-json\/wp\/v2\/users\/3"}],"replies":[{"embeddable":true,"href":"https:\/\/luwianstudies.org\/de\/wp-json\/wp\/v2\/comments?post=23062"}],"version-history":[{"count":3,"href":"https:\/\/luwianstudies.org\/de\/wp-json\/wp\/v2\/pages\/23062\/revisions"}],"predecessor-version":[{"id":23066,"href":"https:\/\/luwianstudies.org\/de\/wp-json\/wp\/v2\/pages\/23062\/revisions\/23066"}],"wp:attachment":[{"href":"https:\/\/luwianstudies.org\/de\/wp-json\/wp\/v2\/media?parent=23062"}],"curies":[{"name":"wp","href":"https:\/\/api.w.org\/{rel}","templated":true}]}}