

{"id":16318,"date":"2025-02-10T16:33:02","date_gmt":"2025-02-10T15:33:02","guid":{"rendered":"https:\/\/neu.luwianstudies.org\/gelismis-arama\/"},"modified":"2025-02-23T19:26:21","modified_gmt":"2025-02-23T18:26:21","slug":"gelismis-arama","status":"publish","type":"page","link":"https:\/\/luwianstudies.org\/tr\/siteatlas\/gelismis-arama\/","title":{"rendered":"Geli\u015fmi\u015f Arama"},"content":{"rendered":"<h1>Geli\u015fmi\u015f Arama<\/h1>\n","protected":false},"excerpt":{"rendered":"<p>Geli\u015fmi\u015f Arama<\/p>\n","protected":false},"author":7,"featured_media":0,"parent":21857,"menu_order":0,"comment_status":"closed","ping_status":"closed","template":"includes\/advanced-search.php","meta":{"iawp_total_views":126,"footnotes":""},"class_list":["post-16318","page","type-page","status-publish","hentry"],"_links":{"self":[{"href":"https:\/\/luwianstudies.org\/tr\/wp-json\/wp\/v2\/pages\/16318","targetHints":{"allow":["GET"]}}],"collection":[{"href":"https:\/\/luwianstudies.org\/tr\/wp-json\/wp\/v2\/pages"}],"about":[{"href":"https:\/\/luwianstudies.org\/tr\/wp-json\/wp\/v2\/types\/page"}],"author":[{"embeddable":true,"href":"https:\/\/luwianstudies.org\/tr\/wp-json\/wp\/v2\/users\/7"}],"replies":[{"embeddable":true,"href":"https:\/\/luwianstudies.org\/tr\/wp-json\/wp\/v2\/comments?post=16318"}],"version-history":[{"count":1,"href":"https:\/\/luwianstudies.org\/tr\/wp-json\/wp\/v2\/pages\/16318\/revisions"}],"predecessor-version":[{"id":19742,"href":"https:\/\/luwianstudies.org\/tr\/wp-json\/wp\/v2\/pages\/16318\/revisions\/19742"}],"up":[{"embeddable":true,"href":"https:\/\/luwianstudies.org\/tr\/wp-json\/wp\/v2\/pages\/21857"}],"wp:attachment":[{"href":"https:\/\/luwianstudies.org\/tr\/wp-json\/wp\/v2\/media?parent=16318"}],"curies":[{"name":"wp","href":"https:\/\/api.w.org\/{rel}","templated":true}]}}