

{"id":16319,"date":"2025-01-31T13:46:04","date_gmt":"2025-01-31T12:46:04","guid":{"rendered":"https:\/\/neu.luwianstudies.org\/site-haritasi\/"},"modified":"2025-03-17T23:43:20","modified_gmt":"2025-03-17T22:43:20","slug":"site-haritasi","status":"publish","type":"page","link":"https:\/\/luwianstudies.org\/tr\/siteatlas\/site-haritasi\/","title":{"rendered":"LuwianSiteMap"},"content":{"rendered":"\t\t<div data-elementor-type=\"wp-page\" data-elementor-id=\"16319\" class=\"elementor elementor-16319 elementor-10885\" data-elementor-post-type=\"page\">\n\t\t\t\t<div class=\"elementor-element elementor-element-afe4bb6 e-flex e-con-boxed e-con e-parent\" data-id=\"afe4bb6\" data-element_type=\"container\" data-e-type=\"container\" data-settings=\"{&quot;jet_parallax_layout_list&quot;:[]}\">\n\t\t\t\t\t<div class=\"e-con-inner\">\n\t\t\t\t<div class=\"elementor-element elementor-element-be4fb31 elementor-widget elementor-widget-heading\" data-id=\"be4fb31\" data-element_type=\"widget\" data-e-type=\"widget\" data-widget_type=\"heading.default\">\n\t\t\t\t<div class=\"elementor-widget-container\">\n\t\t\t\t\t<h1 class=\"elementor-heading-title elementor-size-default\">LuwianSiteMap<\/h1>\t\t\t\t<\/div>\n\t\t\t\t<\/div>\n\t\t\t\t<div class=\"elementor-element elementor-element-9635be8 elementor-widget elementor-widget-heading\" data-id=\"9635be8\" data-element_type=\"widget\" data-e-type=\"widget\" data-widget_type=\"heading.default\">\n\t\t\t\t<div class=\"elementor-widget-container\">\n\t\t\t\t\t<h2 class=\"elementor-heading-title elementor-size-default\">Bat\u0131 Anadolu\u2019daki Yerle\u015fim \u00d6r\u00fcnt\u00fclerini G\u00f6rselle\u015ftirin<\/h2>\t\t\t\t<\/div>\n\t\t\t\t<\/div>\n\t\t\t\t\t<\/div>\n\t\t\t\t<\/div>\n\t\t<div class=\"elementor-element elementor-element-747a26b e-flex e-con-boxed e-con e-parent\" data-id=\"747a26b\" data-element_type=\"container\" data-e-type=\"container\" data-settings=\"{&quot;jet_parallax_layout_list&quot;:[]}\">\n\t\t\t\t\t<div class=\"e-con-inner\">\n\t\t\t\t<div class=\"elementor-element elementor-element-28dac44 elementor-widget elementor-widget-text-editor\" data-id=\"28dac44\" data-element_type=\"widget\" data-e-type=\"widget\" data-widget_type=\"text-editor.default\">\n\t\t\t\t<div class=\"elementor-widget-container\">\n\t\t\t\t\t\t\t\t\t<p>Etkile\u015fimli harita T\u00fcrkiye Cumhuriyeti\u2019nin bat\u0131s\u0131nda yer alan ve Luwian Studies taraf\u0131ndan Mart 2025\u2019e kadar kataloglanm\u0131\u015f, \u00e7ap\u0131 100 metreden b\u00fcy\u00fck toplam 483 Orta ve Ge\u00e7 Tun\u00e7 \u00c7a\u011f\u0131 (M\u00d6 2000\u20131200) yerle\u015fim yerinin konumunu g\u00f6stermektedir.<\/p>\t\t\t\t\t\t\t\t<\/div>\n\t\t\t\t<\/div>\n\t\t\t\t\t<\/div>\n\t\t\t\t<\/div>\n\t\t<div class=\"elementor-element elementor-element-e6994eb e-flex e-con-boxed e-con e-parent\" data-id=\"e6994eb\" data-element_type=\"container\" data-e-type=\"container\" data-settings=\"{&quot;jet_parallax_layout_list&quot;:[]}\">\n\t\t\t\t\t<div class=\"e-con-inner\">\n\t\t\t\t<div class=\"elementor-element elementor-element-71ddac9 elementor-widget elementor-widget-html\" data-id=\"71ddac9\" data-element_type=\"widget\" data-e-type=\"widget\" data-widget_type=\"html.default\">\n\t\t\t\t<div class=\"elementor-widget-container\">\n\t\t\t\t\t<iframe src=\"https:\/\/luwianstudies.org\/wp-content\/uploads\/leaflet\/sites-map.html\" style=\"width: 1400px; height: 600px; border: none; display: block; margin: auto;\" allowfullscreen=\"\">\n<\/iframe>\n\t\t\t\t<\/div>\n\t\t\t\t<\/div>\n\t\t\t\t\t<\/div>\n\t\t\t\t<\/div>\n\t\t\t\t<\/div>\n\t\t","protected":false},"excerpt":{"rendered":"<p>LuwianSiteMap Bat\u0131 Anadolu\u2019daki Yerle\u015fim \u00d6r\u00fcnt\u00fclerini G\u00f6rselle\u015ftirin Etkile\u015fimli harita T\u00fcrkiye Cumhuriyeti\u2019nin bat\u0131s\u0131nda yer alan ve Luwian Studies taraf\u0131ndan Mart 2025\u2019e kadar kataloglanm\u0131\u015f, \u00e7ap\u0131 100 metreden b\u00fcy\u00fck toplam 483 Orta ve Ge\u00e7 Tun\u00e7 \u00c7a\u011f\u0131 (M\u00d6 2000\u20131200) yerle\u015fim yerinin konumunu g\u00f6stermektedir.<\/p>\n","protected":false},"author":7,"featured_media":0,"parent":21857,"menu_order":0,"comment_status":"closed","ping_status":"closed","template":"","meta":{"iawp_total_views":404,"footnotes":""},"class_list":["post-16319","page","type-page","status-publish","hentry"],"_links":{"self":[{"href":"https:\/\/luwianstudies.org\/tr\/wp-json\/wp\/v2\/pages\/16319","targetHints":{"allow":["GET"]}}],"collection":[{"href":"https:\/\/luwianstudies.org\/tr\/wp-json\/wp\/v2\/pages"}],"about":[{"href":"https:\/\/luwianstudies.org\/tr\/wp-json\/wp\/v2\/types\/page"}],"author":[{"embeddable":true,"href":"https:\/\/luwianstudies.org\/tr\/wp-json\/wp\/v2\/users\/7"}],"replies":[{"embeddable":true,"href":"https:\/\/luwianstudies.org\/tr\/wp-json\/wp\/v2\/comments?post=16319"}],"version-history":[{"count":30,"href":"https:\/\/luwianstudies.org\/tr\/wp-json\/wp\/v2\/pages\/16319\/revisions"}],"predecessor-version":[{"id":23596,"href":"https:\/\/luwianstudies.org\/tr\/wp-json\/wp\/v2\/pages\/16319\/revisions\/23596"}],"up":[{"embeddable":true,"href":"https:\/\/luwianstudies.org\/tr\/wp-json\/wp\/v2\/pages\/21857"}],"wp:attachment":[{"href":"https:\/\/luwianstudies.org\/tr\/wp-json\/wp\/v2\/media?parent=16319"}],"curies":[{"name":"wp","href":"https:\/\/api.w.org\/{rel}","templated":true}]}}