

{"id":16342,"date":"2025-01-03T15:22:13","date_gmt":"2025-01-03T14:22:13","guid":{"rendered":"https:\/\/neu.luwianstudies.org\/haber-arsivi\/"},"modified":"2025-03-16T15:43:19","modified_gmt":"2025-03-16T14:43:19","slug":"haber-arsivi","status":"publish","type":"page","link":"https:\/\/luwianstudies.org\/tr\/medya\/haber-arsivi\/","title":{"rendered":"Haber Ar\u015fivi"},"content":{"rendered":"\t\t<div data-elementor-type=\"wp-page\" data-elementor-id=\"16342\" class=\"elementor elementor-16342 elementor-1984\" data-elementor-post-type=\"page\">\n\t\t\t\t<div class=\"elementor-element elementor-element-9cbbdc8 e-flex e-con-boxed e-con e-parent\" data-id=\"9cbbdc8\" data-element_type=\"container\" data-e-type=\"container\" data-settings=\"{&quot;jet_parallax_layout_list&quot;:[]}\">\n\t\t\t\t\t<div class=\"e-con-inner\">\n\t\t\t\t<div class=\"elementor-element elementor-element-6d0375f elementor-widget elementor-widget-heading\" data-id=\"6d0375f\" data-element_type=\"widget\" data-e-type=\"widget\" data-widget_type=\"heading.default\">\n\t\t\t\t<div class=\"elementor-widget-container\">\n\t\t\t\t\t<h1 class=\"elementor-heading-title elementor-size-default\">Haber Ar\u015fivi<\/h1>\t\t\t\t<\/div>\n\t\t\t\t<\/div>\n\t\t\t\t<div class=\"elementor-element elementor-element-d2df405 elementor-widget elementor-widget-heading\" data-id=\"d2df405\" data-element_type=\"widget\" data-e-type=\"widget\" data-widget_type=\"heading.default\">\n\t\t\t\t<div class=\"elementor-widget-container\">\n\t\t\t\t\t<h2 class=\"elementor-heading-title elementor-size-default\">Ara\u015ft\u0131rmalar\u0131m\u0131z\u0131n \u0130zinde: 2015\u2019ten Bug\u00fcne \u00d6nemli Geli\u015fmeler<\/h2>\t\t\t\t<\/div>\n\t\t\t\t<\/div>\n\t\t\t\t\t<\/div>\n\t\t\t\t<\/div>\n\t\t<div class=\"elementor-element elementor-element-44e8813 e-flex e-con-boxed e-con e-parent\" data-id=\"44e8813\" data-element_type=\"container\" data-e-type=\"container\" data-settings=\"{&quot;jet_parallax_layout_list&quot;:[]}\">\n\t\t\t\t\t<div class=\"e-con-inner\">\n\t\t\t\t<div class=\"elementor-element elementor-element-e003c64 elementor-widget elementor-widget-text-editor\" data-id=\"e003c64\" data-element_type=\"widget\" data-e-type=\"widget\" data-widget_type=\"text-editor.default\">\n\t\t\t\t<div class=\"elementor-widget-container\">\n\t\t\t\t\t\t\t\t\t<p>Yeni arkeolojik bulgulardan \u00f6nemli yay\u0131nlara kadar, haber ar\u015fivimiz Luwian Studies\u2019in geli\u015fimini ve alana sa\u011flad\u0131\u011f\u0131 katk\u0131lar\u0131 belgelemektedir.<\/p>\t\t\t\t\t\t\t\t<\/div>\n\t\t\t\t<\/div>\n\t\t\t\t\t<\/div>\n\t\t\t\t<\/div>\n\t\t<div class=\"elementor-element elementor-element-62db346 e-flex e-con-boxed e-con e-parent\" data-id=\"62db346\" data-element_type=\"container\" data-e-type=\"container\" data-settings=\"{&quot;jet_parallax_layout_list&quot;:[]}\">\n\t\t\t\t\t<div class=\"e-con-inner\">\n\t\t<div class=\"elementor-element elementor-element-305f85e e-con-full e-flex e-con e-child\" data-id=\"305f85e\" data-element_type=\"container\" data-e-type=\"container\" data-settings=\"{&quot;jet_parallax_layout_list&quot;:[]}\">\n\t\t\t\t<\/div>\n\t\t\t\t\t<\/div>\n\t\t\t\t<\/div>\n\t\t\t\t<\/div>\n\t\t","protected":false},"excerpt":{"rendered":"<p>Haber Ar\u015fivi Ara\u015ft\u0131rmalar\u0131m\u0131z\u0131n \u0130zinde: 2015\u2019ten Bug\u00fcne \u00d6nemli Geli\u015fmeler Yeni arkeolojik bulgulardan \u00f6nemli yay\u0131nlara kadar, haber ar\u015fivimiz Luwian Studies\u2019in geli\u015fimini ve alana sa\u011flad\u0131\u011f\u0131 katk\u0131lar\u0131 belgelemektedir.<\/p>\n","protected":false},"author":7,"featured_media":0,"parent":20460,"menu_order":0,"comment_status":"closed","ping_status":"closed","template":"","meta":{"iawp_total_views":203,"footnotes":""},"class_list":["post-16342","page","type-page","status-publish","hentry"],"_links":{"self":[{"href":"https:\/\/luwianstudies.org\/tr\/wp-json\/wp\/v2\/pages\/16342","targetHints":{"allow":["GET"]}}],"collection":[{"href":"https:\/\/luwianstudies.org\/tr\/wp-json\/wp\/v2\/pages"}],"about":[{"href":"https:\/\/luwianstudies.org\/tr\/wp-json\/wp\/v2\/types\/page"}],"author":[{"embeddable":true,"href":"https:\/\/luwianstudies.org\/tr\/wp-json\/wp\/v2\/users\/7"}],"replies":[{"embeddable":true,"href":"https:\/\/luwianstudies.org\/tr\/wp-json\/wp\/v2\/comments?post=16342"}],"version-history":[{"count":8,"href":"https:\/\/luwianstudies.org\/tr\/wp-json\/wp\/v2\/pages\/16342\/revisions"}],"predecessor-version":[{"id":23412,"href":"https:\/\/luwianstudies.org\/tr\/wp-json\/wp\/v2\/pages\/16342\/revisions\/23412"}],"up":[{"embeddable":true,"href":"https:\/\/luwianstudies.org\/tr\/wp-json\/wp\/v2\/pages\/20460"}],"wp:attachment":[{"href":"https:\/\/luwianstudies.org\/tr\/wp-json\/wp\/v2\/media?parent=16342"}],"curies":[{"name":"wp","href":"https:\/\/api.w.org\/{rel}","templated":true}]}}