

{"id":23276,"date":"2024-01-03T11:34:13","date_gmt":"2024-01-03T10:34:13","guid":{"rendered":"https:\/\/neu.luwianstudies.org\/kunye\/"},"modified":"2025-06-12T10:19:48","modified_gmt":"2025-06-12T08:19:48","slug":"kunye","status":"publish","type":"page","link":"https:\/\/luwianstudies.org\/tr\/kunye\/","title":{"rendered":"K\u00fcnye"},"content":{"rendered":"\t\t<div data-elementor-type=\"wp-page\" data-elementor-id=\"23276\" class=\"elementor elementor-23276 elementor-104\" data-elementor-post-type=\"page\">\n\t\t\t\t<div class=\"elementor-element elementor-element-3243c1ac pad-tb-l animated-slow e-flex e-con-boxed e-con e-parent\" data-id=\"3243c1ac\" data-element_type=\"container\" data-e-type=\"container\" data-settings=\"{&quot;animation&quot;:&quot;none&quot;,&quot;animation_delay&quot;:0.5,&quot;jet_parallax_layout_list&quot;:[]}\">\n\t\t\t\t\t<div class=\"e-con-inner\">\n\t\t<div class=\"elementor-element elementor-element-43b53bbd e-con-full e-flex e-con e-child\" data-id=\"43b53bbd\" data-element_type=\"container\" data-e-type=\"container\" data-settings=\"{&quot;jet_parallax_layout_list&quot;:[]}\">\n\t\t\t\t<div class=\"elementor-element elementor-element-12a37ac9 elementor-widget elementor-widget-heading\" data-id=\"12a37ac9\" data-element_type=\"widget\" data-e-type=\"widget\" data-widget_type=\"heading.default\">\n\t\t\t\t<div class=\"elementor-widget-container\">\n\t\t\t\t\t<h1 class=\"elementor-heading-title elementor-size-default\">K\u00fcnye<\/h1>\t\t\t\t<\/div>\n\t\t\t\t<\/div>\n\t\t\t\t<div class=\"elementor-element elementor-element-64414b63 pad-t-s elementor-widget elementor-widget-text-editor\" data-id=\"64414b63\" data-element_type=\"widget\" data-e-type=\"widget\" data-widget_type=\"text-editor.default\">\n\t\t\t\t<div class=\"elementor-widget-container\">\n\t\t\t\t\t\t\t\t\t<p style=\"--brlbs-tw-border-spacing-x: 0; --brlbs-tw-border-spacing-y: 0; --brlbs-tw-translate-x: 0; --brlbs-tw-translate-y: 0; --brlbs-tw-rotate: 0; --brlbs-tw-skew-x: 0; --brlbs-tw-skew-y: 0; --brlbs-tw-scale-x: 1; --brlbs-tw-scale-y: 1; --brlbs-tw-scroll-snap-strictness: proximity; --brlbs-tw-ring-offset-width: 0px; --brlbs-tw-ring-offset-color: #fff; --brlbs-tw-ring-color: rgba(59,130,246,.5); --brlbs-tw-ring-offset-shadow: 0 0 #0000; --brlbs-tw-ring-shadow: 0 0 #0000; --brlbs-tw-shadow: 0 0 #0000; --brlbs-tw-shadow-colored: 0 0 #0000; color: #424242; font-family: Inter, sans-serif; font-size: 16px;\"><span style=\"--brlbs-tw-border-spacing-x: 0; --brlbs-tw-border-spacing-y: 0; --brlbs-tw-translate-x: 0; --brlbs-tw-translate-y: 0; --brlbs-tw-rotate: 0; --brlbs-tw-skew-x: 0; --brlbs-tw-skew-y: 0; --brlbs-tw-scale-x: 1; --brlbs-tw-scale-y: 1; --brlbs-tw-scroll-snap-strictness: proximity; --brlbs-tw-ring-offset-width: 0px; --brlbs-tw-ring-offset-color: #fff; --brlbs-tw-ring-color: rgba(59,130,246,.5); --brlbs-tw-ring-offset-shadow: 0 0 #0000; --brlbs-tw-ring-shadow: 0 0 #0000; --brlbs-tw-shadow: 0 0 #0000; --brlbs-tw-shadow-colored: 0 0 #0000; font-weight: bolder;\">Bu web sitesinin t\u00fcm i\u00e7eri\u011finden sorumludur:<\/span><\/p><p>Luwian Studies<br>Fraum\u00fcnsterstrasse 11<br>8001 Z\u00fcrih<br>\u0130svi\u00e7re<\/p><p><strong>Telefon numaras\u0131:<\/strong> +41 (0)44 250 74 90<br><strong>E-posta:<\/strong> <a href=\"mailto:info@luwianstudies.org\"><span class=\"\"><span style=\"display:inline;unicode-bidi:bidi-override;direction:rtl;\" class=\"\">gro.seidutsnaiwul<span style=\"display:none;\">obfsctd-403462<\/span>&#64;ofni<\/span><\/span><\/a><\/p><p> <\/p><p style=\"--brlbs-tw-border-spacing-x: 0; --brlbs-tw-border-spacing-y: 0; --brlbs-tw-translate-x: 0; --brlbs-tw-translate-y: 0; --brlbs-tw-rotate: 0; --brlbs-tw-skew-x: 0; --brlbs-tw-skew-y: 0; --brlbs-tw-scale-x: 1; --brlbs-tw-scale-y: 1; --brlbs-tw-scroll-snap-strictness: proximity; --brlbs-tw-ring-offset-width: 0px; --brlbs-tw-ring-offset-color: #fff; --brlbs-tw-ring-color: rgba(59,130,246,.5); --brlbs-tw-ring-offset-shadow: 0 0 #0000; --brlbs-tw-ring-shadow: 0 0 #0000; --brlbs-tw-shadow: 0 0 #0000; --brlbs-tw-shadow-colored: 0 0 #0000; color: #424242; font-family: Inter, sans-serif; font-size: 16px;\"><span style=\"--brlbs-tw-border-spacing-x: 0; --brlbs-tw-border-spacing-y: 0; --brlbs-tw-translate-x: 0; --brlbs-tw-translate-y: 0; --brlbs-tw-rotate: 0; --brlbs-tw-skew-x: 0; --brlbs-tw-skew-y: 0; --brlbs-tw-scale-x: 1; --brlbs-tw-scale-y: 1; --brlbs-tw-scroll-snap-strictness: proximity; --brlbs-tw-ring-offset-width: 0px; --brlbs-tw-ring-offset-color: #fff; --brlbs-tw-ring-color: rgba(59,130,246,.5); --brlbs-tw-ring-offset-shadow: 0 0 #0000; --brlbs-tw-ring-shadow: 0 0 #0000; --brlbs-tw-shadow: 0 0 #0000; --brlbs-tw-shadow-colored: 0 0 #0000; font-weight: bolder;\">Sorumluluk Reddi<\/span><br style=\"--brlbs-tw-border-spacing-x: 0; --brlbs-tw-border-spacing-y: 0; --brlbs-tw-translate-x: 0; --brlbs-tw-translate-y: 0; --brlbs-tw-rotate: 0; --brlbs-tw-skew-x: 0; --brlbs-tw-skew-y: 0; --brlbs-tw-scale-x: 1; --brlbs-tw-scale-y: 1; --brlbs-tw-scroll-snap-strictness: proximity; --brlbs-tw-ring-offset-width: 0px; --brlbs-tw-ring-offset-color: #fff; --brlbs-tw-ring-color: rgba(59,130,246,.5); --brlbs-tw-ring-offset-shadow: 0 0 #0000; --brlbs-tw-ring-shadow: 0 0 #0000; --brlbs-tw-shadow: 0 0 #0000; --brlbs-tw-shadow-colored: 0 0 #0000;\">Yazar, sa\u011flanan bilgilerin do\u011frulu\u011fu, kesinli\u011fi, g\u00fcncelli\u011fi, g\u00fcvenilirli\u011fi ve eksiksizli\u011fi konusunda hi\u00e7bir sorumluluk kabul etmez. Yay\u0131mlanan bilgilere eri\u015fimden veya bu bilgilerin kullan\u0131m\u0131ndan veya kullan\u0131lmamas\u0131ndan, ba\u011flant\u0131n\u0131n yanl\u0131\u015f kullan\u0131m\u0131ndan veya teknik ar\u0131zalardan kaynaklanan maddi veya manevi zararlar i\u00e7in yazara kar\u015f\u0131 sorumluluk talepleri hari\u00e7 tutulmu\u015ftur. T\u00fcm teklifler ba\u011flay\u0131c\u0131 de\u011fildir. Yazar, sayfalar\u0131n baz\u0131 b\u00f6l\u00fcmlerini veya teklifin tamam\u0131n\u0131 \u00f6nceden haber vermeksizin de\u011fi\u015ftirme, tamamlama veya silme ya da yay\u0131n\u0131 ge\u00e7ici veya kal\u0131c\u0131 olarak durdurma hakk\u0131n\u0131 a\u00e7\u0131k\u00e7a sakl\u0131 tutar.   <\/p><p style=\"--brlbs-tw-border-spacing-x: 0; --brlbs-tw-border-spacing-y: 0; --brlbs-tw-translate-x: 0; --brlbs-tw-translate-y: 0; --brlbs-tw-rotate: 0; --brlbs-tw-skew-x: 0; --brlbs-tw-skew-y: 0; --brlbs-tw-scale-x: 1; --brlbs-tw-scale-y: 1; --brlbs-tw-scroll-snap-strictness: proximity; --brlbs-tw-ring-offset-width: 0px; --brlbs-tw-ring-offset-color: #fff; --brlbs-tw-ring-color: rgba(59,130,246,.5); --brlbs-tw-ring-offset-shadow: 0 0 #0000; --brlbs-tw-ring-shadow: 0 0 #0000; --brlbs-tw-shadow: 0 0 #0000; --brlbs-tw-shadow-colored: 0 0 #0000; color: #424242; font-family: Inter, sans-serif; font-size: 16px;\"><span style=\"--brlbs-tw-border-spacing-x: 0; --brlbs-tw-border-spacing-y: 0; --brlbs-tw-translate-x: 0; --brlbs-tw-translate-y: 0; --brlbs-tw-rotate: 0; --brlbs-tw-skew-x: 0; --brlbs-tw-skew-y: 0; --brlbs-tw-scale-x: 1; --brlbs-tw-scale-y: 1; --brlbs-tw-scroll-snap-strictness: proximity; --brlbs-tw-ring-offset-width: 0px; --brlbs-tw-ring-offset-color: #fff; --brlbs-tw-ring-color: rgba(59,130,246,.5); --brlbs-tw-ring-offset-shadow: 0 0 #0000; --brlbs-tw-ring-shadow: 0 0 #0000; --brlbs-tw-shadow: 0 0 #0000; --brlbs-tw-shadow-colored: 0 0 #0000; font-weight: bolder;\">Ba\u011flant\u0131lar i\u00e7in sorumluluk<\/span><br style=\"--brlbs-tw-border-spacing-x: 0; --brlbs-tw-border-spacing-y: 0; --brlbs-tw-translate-x: 0; --brlbs-tw-translate-y: 0; --brlbs-tw-rotate: 0; --brlbs-tw-skew-x: 0; --brlbs-tw-skew-y: 0; --brlbs-tw-scale-x: 1; --brlbs-tw-scale-y: 1; --brlbs-tw-scroll-snap-strictness: proximity; --brlbs-tw-ring-offset-width: 0px; --brlbs-tw-ring-offset-color: #fff; --brlbs-tw-ring-color: rgba(59,130,246,.5); --brlbs-tw-ring-offset-shadow: 0 0 #0000; --brlbs-tw-ring-shadow: 0 0 #0000; --brlbs-tw-shadow: 0 0 #0000; --brlbs-tw-shadow-colored: 0 0 #0000;\">\u00dc\u00e7\u00fcnc\u00fc taraf web sitelerine yap\u0131lan referanslar ve ba\u011flant\u0131lar sorumluluk alan\u0131m\u0131z\u0131n d\u0131\u015f\u0131ndad\u0131r. Bu t\u00fcr web siteleri i\u00e7in herhangi bir sorumluluk kabul edilmemektedir. Bu t\u00fcr web sitelerine eri\u015fim ve kullan\u0131m riski kullan\u0131c\u0131n\u0131n kendisine aittir.  <\/p><p style=\"--brlbs-tw-border-spacing-x: 0; --brlbs-tw-border-spacing-y: 0; --brlbs-tw-translate-x: 0; --brlbs-tw-translate-y: 0; --brlbs-tw-rotate: 0; --brlbs-tw-skew-x: 0; --brlbs-tw-skew-y: 0; --brlbs-tw-scale-x: 1; --brlbs-tw-scale-y: 1; --brlbs-tw-scroll-snap-strictness: proximity; --brlbs-tw-ring-offset-width: 0px; --brlbs-tw-ring-offset-color: #fff; --brlbs-tw-ring-color: rgba(59,130,246,.5); --brlbs-tw-ring-offset-shadow: 0 0 #0000; --brlbs-tw-ring-shadow: 0 0 #0000; --brlbs-tw-shadow: 0 0 #0000; --brlbs-tw-shadow-colored: 0 0 #0000; color: #424242; font-family: Inter, sans-serif; font-size: 16px;\"><span style=\"--brlbs-tw-border-spacing-x: 0; --brlbs-tw-border-spacing-y: 0; --brlbs-tw-translate-x: 0; --brlbs-tw-translate-y: 0; --brlbs-tw-rotate: 0; --brlbs-tw-skew-x: 0; --brlbs-tw-skew-y: 0; --brlbs-tw-scale-x: 1; --brlbs-tw-scale-y: 1; --brlbs-tw-scroll-snap-strictness: proximity; --brlbs-tw-ring-offset-width: 0px; --brlbs-tw-ring-offset-color: #fff; --brlbs-tw-ring-color: rgba(59,130,246,.5); --brlbs-tw-ring-offset-shadow: 0 0 #0000; --brlbs-tw-ring-shadow: 0 0 #0000; --brlbs-tw-shadow: 0 0 #0000; --brlbs-tw-shadow-colored: 0 0 #0000; font-weight: bolder;\">Telif Hakk\u0131<\/span><br style=\"--brlbs-tw-border-spacing-x: 0; --brlbs-tw-border-spacing-y: 0; --brlbs-tw-translate-x: 0; --brlbs-tw-translate-y: 0; --brlbs-tw-rotate: 0; --brlbs-tw-skew-x: 0; --brlbs-tw-skew-y: 0; --brlbs-tw-scale-x: 1; --brlbs-tw-scale-y: 1; --brlbs-tw-scroll-snap-strictness: proximity; --brlbs-tw-ring-offset-width: 0px; --brlbs-tw-ring-offset-color: #fff; --brlbs-tw-ring-color: rgba(59,130,246,.5); --brlbs-tw-ring-offset-shadow: 0 0 #0000; --brlbs-tw-ring-shadow: 0 0 #0000; --brlbs-tw-shadow: 0 0 #0000; --brlbs-tw-shadow-colored: 0 0 #0000;\">Web sitesindeki i\u00e7erik, g\u00f6r\u00fcnt\u00fc, foto\u011fraf veya di\u011fer dosyalar\u0131n telif hakk\u0131 ve di\u011fer t\u00fcm haklar\u0131 yaln\u0131zca yazara veya \u00f6zellikle belirtilen hak sahiplerine aittir. Herhangi bir unsurun \u00e7o\u011falt\u0131lmas\u0131 i\u00e7in telif hakk\u0131 sahibinin yaz\u0131l\u0131 onay\u0131 \u00f6nceden al\u0131nmal\u0131d\u0131r. <\/p>\t\t\t\t\t\t\t\t<\/div>\n\t\t\t\t<\/div>\n\t\t\t\t<\/div>\n\t\t\t\t\t<\/div>\n\t\t\t\t<\/div>\n\t\t\t\t<\/div>\n\t\t","protected":false},"excerpt":{"rendered":"<p>K\u00fcnye Bu web sitesinin t\u00fcm i\u00e7eri\u011finden sorumludur: Luwian StudiesFraum\u00fcnsterstrasse 118001 Z\u00fcrih\u0130svi\u00e7re Telefon numaras\u0131: +41 (0)44 250 74 90E-posta: gro.seidutsnaiwulobfsctd-418490&#64;ofni Sorumluluk ReddiYazar, sa\u011flanan bilgilerin do\u011frulu\u011fu, kesinli\u011fi, g\u00fcncelli\u011fi, g\u00fcvenilirli\u011fi ve eksiksizli\u011fi konusunda hi\u00e7bir sorumluluk kabul etmez. Yay\u0131mlanan bilgilere eri\u015fimden veya bu bilgilerin kullan\u0131m\u0131ndan veya kullan\u0131lmamas\u0131ndan, ba\u011flant\u0131n\u0131n yanl\u0131\u015f kullan\u0131m\u0131ndan veya teknik ar\u0131zalardan kaynaklanan maddi veya manevi zararlar i\u00e7in [&hellip;]<\/p>\n","protected":false},"author":3,"featured_media":0,"parent":0,"menu_order":0,"comment_status":"closed","ping_status":"closed","template":"","meta":{"iawp_total_views":56,"footnotes":""},"class_list":["post-23276","page","type-page","status-publish","hentry"],"_links":{"self":[{"href":"https:\/\/luwianstudies.org\/tr\/wp-json\/wp\/v2\/pages\/23276","targetHints":{"allow":["GET"]}}],"collection":[{"href":"https:\/\/luwianstudies.org\/tr\/wp-json\/wp\/v2\/pages"}],"about":[{"href":"https:\/\/luwianstudies.org\/tr\/wp-json\/wp\/v2\/types\/page"}],"author":[{"embeddable":true,"href":"https:\/\/luwianstudies.org\/tr\/wp-json\/wp\/v2\/users\/3"}],"replies":[{"embeddable":true,"href":"https:\/\/luwianstudies.org\/tr\/wp-json\/wp\/v2\/comments?post=23276"}],"version-history":[{"count":1,"href":"https:\/\/luwianstudies.org\/tr\/wp-json\/wp\/v2\/pages\/23276\/revisions"}],"predecessor-version":[{"id":23277,"href":"https:\/\/luwianstudies.org\/tr\/wp-json\/wp\/v2\/pages\/23276\/revisions\/23277"}],"wp:attachment":[{"href":"https:\/\/luwianstudies.org\/tr\/wp-json\/wp\/v2\/media?parent=23276"}],"curies":[{"name":"wp","href":"https:\/\/api.w.org\/{rel}","templated":true}]}}